{"id":949,"date":"2024-04-15T14:49:33","date_gmt":"2024-04-15T12:49:33","guid":{"rendered":"https:\/\/maylandie.fr\/vins\/red-carnache\/"},"modified":"2026-05-07T19:16:31","modified_gmt":"2026-05-07T17:16:31","slug":"red-carnache","status":"publish","type":"product","link":"https:\/\/maylandie.fr\/en\/vins\/red-carnache\/","title":{"rendered":"Red carnache"},"content":{"rendered":"","protected":false},"excerpt":{"rendered":"<p>A.O.C. Corbi\u00e8res-Boutenac 2018 &#8211; 14.5% Alc.<\/p>\n<p>&#8220;L&#8217;autre Boutenac&#8221; gives you the opportunity to taste a hundred-year-old carignan.<\/p>\n<p><strong>VARIETIES:<\/strong> 80% CARIGNAN (100 years) &#8211; 20% GRENACHE (35 years)<br \/>\n<strong>SOIL:<\/strong> stony clay-limestone slopes. Terroir of Boutenac<br \/>\n<strong>VINIFICATION:<\/strong> hand-picked, followed by a month of traditional fermentation with temperature control.<br \/>\n<strong>AGEING:<\/strong> in vats, then in bottles<br \/>\n<strong>CHARACTERISTICS:<\/strong> brilliant, dark ruby color. Rich nose of caramelized fruit and sweet spices; notes of undergrowth and toast on aeration, followed by dried fruits such as prune and fig. The palate is silky, with velvety, mellow tannins and a hint of licorice.<\/p>\n<p><em>A 5% discount is applied to orders of 6 bottles of the same cuv\u00e9e.<br \/>\nFree delivery for orders over \u20ac200.<\/em><\/p>\n","protected":false},"featured_media":855,"template":"","meta":[],"product_brand":[],"product_cat":[30],"product_tag":[],"class_list":{"0":"post-949","1":"product","2":"type-product","3":"status-publish","4":"has-post-thumbnail","6":"product_cat-wines","8":"first","9":"instock","10":"shipping-taxable","11":"purchasable","12":"product-type-simple"},"yoast_head":"<!-- This site is optimized with the Yoast SEO plugin v26.9 - https:\/\/yoast.com\/product\/yoast-seo-wordpress\/ -->\n<title>Red carnache - Ch\u00e2teau Maylandie, vignerons ind\u00e9pendants du sud de France au c\u0153ur des Corbi\u00e8res, sur le Terroir de Boutenac.<\/title>\n<meta name=\"description\" content=\"A.O.C. Corbi\u00e8res-Boutenac 2018 - 14.5% Alc.  &quot;L&#039;autre Boutenac&quot; gives you the opportunity to taste a hundred-year-old carignan.  VARIETIES: 80% CARIGNAN (100 years) - 20% GRENACHE (35 years) SOIL: stony clay-limestone slopes. Terroir of Boutenac VINIFICATION: hand-picked, followed by a month of traditional fermentation with temperature control. AGEING: in vats, then in bottles CHARACTERISTICS: brilliant, dark ruby color. Rich nose of caramelized fruit and sweet spices; notes of undergrowth and toast on aeration, followed by dried fruits such as prune and fig. The palate is silky, with velvety, mellow tannins and a hint of licorice.  A 5% discount is applied to orders of 6 bottles of the same cuv\u00e9e. Free delivery for orders over \u20ac200.\" \/>\n<meta name=\"robots\" content=\"index, follow, max-snippet:-1, max-image-preview:large, max-video-preview:-1\" \/>\n<link rel=\"canonical\" href=\"https:\/\/maylandie.fr\/en\/vins\/red-carnache\/\" \/>\n<meta property=\"og:locale\" content=\"en_US\" \/>\n<meta property=\"og:type\" content=\"article\" \/>\n<meta property=\"og:title\" content=\"Red carnache - Ch\u00e2teau Maylandie, vignerons ind\u00e9pendants du sud de France au c\u0153ur des Corbi\u00e8res, sur le Terroir de Boutenac.\" \/>\n<meta property=\"og:description\" content=\"A.O.C. Corbi\u00e8res-Boutenac 2018 - 14.5% Alc.  &quot;L&#039;autre Boutenac&quot; gives you the opportunity to taste a hundred-year-old carignan.  VARIETIES: 80% CARIGNAN (100 years) - 20% GRENACHE (35 years) SOIL: stony clay-limestone slopes. Terroir of Boutenac VINIFICATION: hand-picked, followed by a month of traditional fermentation with temperature control. AGEING: in vats, then in bottles CHARACTERISTICS: brilliant, dark ruby color. Rich nose of caramelized fruit and sweet spices; notes of undergrowth and toast on aeration, followed by dried fruits such as prune and fig. The palate is silky, with velvety, mellow tannins and a hint of licorice.  A 5% discount is applied to orders of 6 bottles of the same cuv\u00e9e. Free delivery for orders over \u20ac200.\" \/>\n<meta property=\"og:url\" content=\"https:\/\/maylandie.fr\/en\/vins\/red-carnache\/\" \/>\n<meta property=\"og:site_name\" content=\"Ch\u00e2teau Maylandie, vignerons ind\u00e9pendants du sud de France au c\u0153ur des Corbi\u00e8res, sur le Terroir de Boutenac.\" \/>\n<meta property=\"article:publisher\" content=\"https:\/\/www.facebook.com\/chateau.maylandie\" \/>\n<meta property=\"article:modified_time\" content=\"2026-05-07T17:16:31+00:00\" \/>\n<meta property=\"og:image\" content=\"https:\/\/maylandie.fr\/wp-content\/uploads\/2024\/04\/carnache-rouge-aoc-corbieres.jpg\" \/>\n\t<meta property=\"og:image:width\" content=\"1200\" \/>\n\t<meta property=\"og:image:height\" content=\"1200\" \/>\n\t<meta property=\"og:image:type\" content=\"image\/jpeg\" \/>\n<meta name=\"twitter:card\" content=\"summary_large_image\" \/>\n<meta name=\"twitter:label1\" content=\"Est. reading time\" \/>\n\t<meta name=\"twitter:data1\" content=\"1 minute\" \/>\n<script type=\"application\/ld+json\" class=\"yoast-schema-graph\">{\"@context\":\"https:\/\/schema.org\",\"@graph\":[{\"@type\":\"WebPage\",\"@id\":\"https:\/\/maylandie.fr\/en\/vins\/red-carnache\/\",\"url\":\"https:\/\/maylandie.fr\/en\/vins\/red-carnache\/\",\"name\":\"Red carnache - Ch\u00e2teau Maylandie, vignerons ind\u00e9pendants du sud de France au c\u0153ur des Corbi\u00e8res, sur le Terroir de Boutenac.\",\"isPartOf\":{\"@id\":\"https:\/\/maylandie.fr\/en\/#website\"},\"primaryImageOfPage\":{\"@id\":\"https:\/\/maylandie.fr\/en\/vins\/red-carnache\/#primaryimage\"},\"image\":{\"@id\":\"https:\/\/maylandie.fr\/en\/vins\/red-carnache\/#primaryimage\"},\"thumbnailUrl\":\"https:\/\/maylandie.fr\/wp-content\/uploads\/2024\/04\/carnache-rouge-aoc-corbieres.jpg\",\"datePublished\":\"2024-04-15T12:49:33+00:00\",\"dateModified\":\"2026-05-07T17:16:31+00:00\",\"description\":\"A.O.C. Corbi\u00e8res-Boutenac 2018 - 14.5% Alc. \\\"L'autre Boutenac\\\" gives you the opportunity to taste a hundred-year-old carignan. VARIETIES: 80% CARIGNAN (100 years) - 20% GRENACHE (35 years) SOIL: stony clay-limestone slopes. Terroir of Boutenac VINIFICATION: hand-picked, followed by a month of traditional fermentation with temperature control. AGEING: in vats, then in bottles CHARACTERISTICS: brilliant, dark ruby color. Rich nose of caramelized fruit and sweet spices; notes of undergrowth and toast on aeration, followed by dried fruits such as prune and fig. The palate is silky, with velvety, mellow tannins and a hint of licorice. A 5% discount is applied to orders of 6 bottles of the same cuv\u00e9e. Free delivery for orders over \u20ac200.\",\"breadcrumb\":{\"@id\":\"https:\/\/maylandie.fr\/en\/vins\/red-carnache\/#breadcrumb\"},\"inLanguage\":\"en-US\",\"potentialAction\":[{\"@type\":\"ReadAction\",\"target\":[\"https:\/\/maylandie.fr\/en\/vins\/red-carnache\/\"]}]},{\"@type\":\"ImageObject\",\"inLanguage\":\"en-US\",\"@id\":\"https:\/\/maylandie.fr\/en\/vins\/red-carnache\/#primaryimage\",\"url\":\"https:\/\/maylandie.fr\/wp-content\/uploads\/2024\/04\/carnache-rouge-aoc-corbieres.jpg\",\"contentUrl\":\"https:\/\/maylandie.fr\/wp-content\/uploads\/2024\/04\/carnache-rouge-aoc-corbieres.jpg\",\"width\":1200,\"height\":1200},{\"@type\":\"BreadcrumbList\",\"@id\":\"https:\/\/maylandie.fr\/en\/vins\/red-carnache\/#breadcrumb\",\"itemListElement\":[{\"@type\":\"ListItem\",\"position\":1,\"name\":\"Accueil\",\"item\":\"https:\/\/maylandie.fr\/en\/\"},{\"@type\":\"ListItem\",\"position\":2,\"name\":\"Store\",\"item\":\"https:\/\/maylandie.fr\/store\/\"},{\"@type\":\"ListItem\",\"position\":3,\"name\":\"Red carnache\"}]},{\"@type\":\"WebSite\",\"@id\":\"https:\/\/maylandie.fr\/en\/#website\",\"url\":\"https:\/\/maylandie.fr\/en\/\",\"name\":\"Ch\u00e2teau Maylandie, vignerons ind\u00e9pendants du sud de France au c\u0153ur des Corbi\u00e8res, sur le Terroir de Boutenac.\",\"description\":\"\",\"publisher\":{\"@id\":\"https:\/\/maylandie.fr\/en\/#organization\"},\"potentialAction\":[{\"@type\":\"SearchAction\",\"target\":{\"@type\":\"EntryPoint\",\"urlTemplate\":\"https:\/\/maylandie.fr\/en\/?s={search_term_string}\"},\"query-input\":{\"@type\":\"PropertyValueSpecification\",\"valueRequired\":true,\"valueName\":\"search_term_string\"}}],\"inLanguage\":\"en-US\"},{\"@type\":\"Organization\",\"@id\":\"https:\/\/maylandie.fr\/en\/#organization\",\"name\":\"Ch\u00e2teau Maylandie, vignerons ind\u00e9pendants du sud de France au c\u0153ur des Corbi\u00e8res, sur le Terroir de Boutenac.\",\"url\":\"https:\/\/maylandie.fr\/en\/\",\"logo\":{\"@type\":\"ImageObject\",\"inLanguage\":\"en-US\",\"@id\":\"https:\/\/maylandie.fr\/en\/#\/schema\/logo\/image\/\",\"url\":\"https:\/\/maylandie.fr\/wp-content\/uploads\/2024\/04\/logo-modifie.png\",\"contentUrl\":\"https:\/\/maylandie.fr\/wp-content\/uploads\/2024\/04\/logo-modifie.png\",\"width\":600,\"height\":379,\"caption\":\"Ch\u00e2teau Maylandie, vignerons ind\u00e9pendants du sud de France au c\u0153ur des Corbi\u00e8res, sur le Terroir de Boutenac.\"},\"image\":{\"@id\":\"https:\/\/maylandie.fr\/en\/#\/schema\/logo\/image\/\"},\"sameAs\":[\"https:\/\/www.facebook.com\/chateau.maylandie\",\"https:\/\/www.instagram.com\/maylandie\/\"]}]}<\/script>\n<!-- \/ Yoast SEO plugin. -->","yoast_head_json":{"title":"Red carnache - Ch\u00e2teau Maylandie, vignerons ind\u00e9pendants du sud de France au c\u0153ur des Corbi\u00e8res, sur le Terroir de Boutenac.","description":"A.O.C. Corbi\u00e8res-Boutenac 2018 - 14.5% Alc.  \"L'autre Boutenac\" gives you the opportunity to taste a hundred-year-old carignan.  VARIETIES: 80% CARIGNAN (100 years) - 20% GRENACHE (35 years) SOIL: stony clay-limestone slopes. Terroir of Boutenac VINIFICATION: hand-picked, followed by a month of traditional fermentation with temperature control. AGEING: in vats, then in bottles CHARACTERISTICS: brilliant, dark ruby color. Rich nose of caramelized fruit and sweet spices; notes of undergrowth and toast on aeration, followed by dried fruits such as prune and fig. The palate is silky, with velvety, mellow tannins and a hint of licorice.  A 5% discount is applied to orders of 6 bottles of the same cuv\u00e9e. Free delivery for orders over \u20ac200.","robots":{"index":"index","follow":"follow","max-snippet":"max-snippet:-1","max-image-preview":"max-image-preview:large","max-video-preview":"max-video-preview:-1"},"canonical":"https:\/\/maylandie.fr\/en\/vins\/red-carnache\/","og_locale":"en_US","og_type":"article","og_title":"Red carnache - Ch\u00e2teau Maylandie, vignerons ind\u00e9pendants du sud de France au c\u0153ur des Corbi\u00e8res, sur le Terroir de Boutenac.","og_description":"A.O.C. Corbi\u00e8res-Boutenac 2018 - 14.5% Alc.  \"L'autre Boutenac\" gives you the opportunity to taste a hundred-year-old carignan.  VARIETIES: 80% CARIGNAN (100 years) - 20% GRENACHE (35 years) SOIL: stony clay-limestone slopes. Terroir of Boutenac VINIFICATION: hand-picked, followed by a month of traditional fermentation with temperature control. AGEING: in vats, then in bottles CHARACTERISTICS: brilliant, dark ruby color. Rich nose of caramelized fruit and sweet spices; notes of undergrowth and toast on aeration, followed by dried fruits such as prune and fig. The palate is silky, with velvety, mellow tannins and a hint of licorice.  A 5% discount is applied to orders of 6 bottles of the same cuv\u00e9e. Free delivery for orders over \u20ac200.","og_url":"https:\/\/maylandie.fr\/en\/vins\/red-carnache\/","og_site_name":"Ch\u00e2teau Maylandie, vignerons ind\u00e9pendants du sud de France au c\u0153ur des Corbi\u00e8res, sur le Terroir de Boutenac.","article_publisher":"https:\/\/www.facebook.com\/chateau.maylandie","article_modified_time":"2026-05-07T17:16:31+00:00","og_image":[{"width":1200,"height":1200,"url":"https:\/\/maylandie.fr\/wp-content\/uploads\/2024\/04\/carnache-rouge-aoc-corbieres.jpg","type":"image\/jpeg"}],"twitter_card":"summary_large_image","twitter_misc":{"Est. reading time":"1 minute"},"schema":{"@context":"https:\/\/schema.org","@graph":[{"@type":"WebPage","@id":"https:\/\/maylandie.fr\/en\/vins\/red-carnache\/","url":"https:\/\/maylandie.fr\/en\/vins\/red-carnache\/","name":"Red carnache - Ch\u00e2teau Maylandie, vignerons ind\u00e9pendants du sud de France au c\u0153ur des Corbi\u00e8res, sur le Terroir de Boutenac.","isPartOf":{"@id":"https:\/\/maylandie.fr\/en\/#website"},"primaryImageOfPage":{"@id":"https:\/\/maylandie.fr\/en\/vins\/red-carnache\/#primaryimage"},"image":{"@id":"https:\/\/maylandie.fr\/en\/vins\/red-carnache\/#primaryimage"},"thumbnailUrl":"https:\/\/maylandie.fr\/wp-content\/uploads\/2024\/04\/carnache-rouge-aoc-corbieres.jpg","datePublished":"2024-04-15T12:49:33+00:00","dateModified":"2026-05-07T17:16:31+00:00","description":"A.O.C. Corbi\u00e8res-Boutenac 2018 - 14.5% Alc. \"L'autre Boutenac\" gives you the opportunity to taste a hundred-year-old carignan. VARIETIES: 80% CARIGNAN (100 years) - 20% GRENACHE (35 years) SOIL: stony clay-limestone slopes. Terroir of Boutenac VINIFICATION: hand-picked, followed by a month of traditional fermentation with temperature control. AGEING: in vats, then in bottles CHARACTERISTICS: brilliant, dark ruby color. Rich nose of caramelized fruit and sweet spices; notes of undergrowth and toast on aeration, followed by dried fruits such as prune and fig. The palate is silky, with velvety, mellow tannins and a hint of licorice. A 5% discount is applied to orders of 6 bottles of the same cuv\u00e9e. Free delivery for orders over \u20ac200.","breadcrumb":{"@id":"https:\/\/maylandie.fr\/en\/vins\/red-carnache\/#breadcrumb"},"inLanguage":"en-US","potentialAction":[{"@type":"ReadAction","target":["https:\/\/maylandie.fr\/en\/vins\/red-carnache\/"]}]},{"@type":"ImageObject","inLanguage":"en-US","@id":"https:\/\/maylandie.fr\/en\/vins\/red-carnache\/#primaryimage","url":"https:\/\/maylandie.fr\/wp-content\/uploads\/2024\/04\/carnache-rouge-aoc-corbieres.jpg","contentUrl":"https:\/\/maylandie.fr\/wp-content\/uploads\/2024\/04\/carnache-rouge-aoc-corbieres.jpg","width":1200,"height":1200},{"@type":"BreadcrumbList","@id":"https:\/\/maylandie.fr\/en\/vins\/red-carnache\/#breadcrumb","itemListElement":[{"@type":"ListItem","position":1,"name":"Accueil","item":"https:\/\/maylandie.fr\/en\/"},{"@type":"ListItem","position":2,"name":"Store","item":"https:\/\/maylandie.fr\/store\/"},{"@type":"ListItem","position":3,"name":"Red carnache"}]},{"@type":"WebSite","@id":"https:\/\/maylandie.fr\/en\/#website","url":"https:\/\/maylandie.fr\/en\/","name":"Ch\u00e2teau Maylandie, vignerons ind\u00e9pendants du sud de France au c\u0153ur des Corbi\u00e8res, sur le Terroir de Boutenac.","description":"","publisher":{"@id":"https:\/\/maylandie.fr\/en\/#organization"},"potentialAction":[{"@type":"SearchAction","target":{"@type":"EntryPoint","urlTemplate":"https:\/\/maylandie.fr\/en\/?s={search_term_string}"},"query-input":{"@type":"PropertyValueSpecification","valueRequired":true,"valueName":"search_term_string"}}],"inLanguage":"en-US"},{"@type":"Organization","@id":"https:\/\/maylandie.fr\/en\/#organization","name":"Ch\u00e2teau Maylandie, vignerons ind\u00e9pendants du sud de France au c\u0153ur des Corbi\u00e8res, sur le Terroir de Boutenac.","url":"https:\/\/maylandie.fr\/en\/","logo":{"@type":"ImageObject","inLanguage":"en-US","@id":"https:\/\/maylandie.fr\/en\/#\/schema\/logo\/image\/","url":"https:\/\/maylandie.fr\/wp-content\/uploads\/2024\/04\/logo-modifie.png","contentUrl":"https:\/\/maylandie.fr\/wp-content\/uploads\/2024\/04\/logo-modifie.png","width":600,"height":379,"caption":"Ch\u00e2teau Maylandie, vignerons ind\u00e9pendants du sud de France au c\u0153ur des Corbi\u00e8res, sur le Terroir de Boutenac."},"image":{"@id":"https:\/\/maylandie.fr\/en\/#\/schema\/logo\/image\/"},"sameAs":["https:\/\/www.facebook.com\/chateau.maylandie","https:\/\/www.instagram.com\/maylandie\/"]}]}},"_links":{"self":[{"href":"https:\/\/maylandie.fr\/en\/wp-json\/wp\/v2\/product\/949","targetHints":{"allow":["GET"]}}],"collection":[{"href":"https:\/\/maylandie.fr\/en\/wp-json\/wp\/v2\/product"}],"about":[{"href":"https:\/\/maylandie.fr\/en\/wp-json\/wp\/v2\/types\/product"}],"wp:featuredmedia":[{"embeddable":true,"href":"https:\/\/maylandie.fr\/en\/wp-json\/wp\/v2\/media\/855"}],"wp:attachment":[{"href":"https:\/\/maylandie.fr\/en\/wp-json\/wp\/v2\/media?parent=949"}],"wp:term":[{"taxonomy":"product_brand","embeddable":true,"href":"https:\/\/maylandie.fr\/en\/wp-json\/wp\/v2\/product_brand?post=949"},{"taxonomy":"product_cat","embeddable":true,"href":"https:\/\/maylandie.fr\/en\/wp-json\/wp\/v2\/product_cat?post=949"},{"taxonomy":"product_tag","embeddable":true,"href":"https:\/\/maylandie.fr\/en\/wp-json\/wp\/v2\/product_tag?post=949"}],"curies":[{"name":"wp","href":"https:\/\/api.w.org\/{rel}","templated":true}]}}