{"id":950,"date":"2024-04-15T14:19:57","date_gmt":"2024-04-15T12:19:57","guid":{"rendered":"https:\/\/maylandie.fr\/vins\/exquises-esquisses-rose\/"},"modified":"2026-05-07T19:11:35","modified_gmt":"2026-05-07T17:11:35","slug":"exquises-esquisses-rose","status":"publish","type":"product","link":"https:\/\/maylandie.fr\/en\/vins\/exquises-esquisses-rose\/","title":{"rendered":"Exquises Esquisses ros\u00e9"},"content":{"rendered":"","protected":false},"excerpt":{"rendered":"<p>A.O.C. Corbi\u00e8res ros\u00e9 2025 &#8211; 13.5% vol.<\/p>\n<p><strong>Gold medal at the Concours des Grands Vins de Corbi\u00e8res 2026<\/strong><\/p>\n<p><strong>VARIETIES :<\/strong> Grenache &#8211; Syrah<br \/>\n<strong>CHARACTERISTICS:<\/strong> Soft, pale pink color and first aromatic notes. A floral touch too, with the violets offered by the syrah. Next, a fruit bouquet<br \/>\nred with raspberry and the delicate sweetness of redcurrant jelly. Same fruity story on the palate, carried by a silky texture through to a salty, tangy finish. A beautiful<br \/>\na presence on the palate that makes it ideal for a meal, even a spicy one. Thai chicken or shrimps, carrots with orange sauce, rabbit with mustard sauce&#8230; but also a fish plancha with olive oil.<br \/>\n<strong>GUARDING POTENTIAL:<\/strong> 2 years<br \/>\n<strong>DISTINCTIONS:<br \/>\n<\/strong>Ros\u00e9 2022: GOLD medal Concours Mondial des F\u00e9minalise<br \/>\nRos\u00e9 2021: 2 stars Guide Hachette des Vins 2023<br \/>\nRos\u00e9 2018: GOLD at the Concours des Grands Vins de Corbi\u00e8res<\/p>\n<p><em>A 5% discount is applied to orders of 6 bottles of the same cuv\u00e9e.<br \/>\nFree delivery for orders over \u20ac200.<\/em><\/p>\n","protected":false},"featured_media":847,"template":"","meta":[],"product_brand":[],"product_cat":[30],"product_tag":[],"class_list":{"0":"post-950","1":"product","2":"type-product","3":"status-publish","4":"has-post-thumbnail","6":"product_cat-wines","8":"first","9":"instock","10":"shipping-taxable","11":"purchasable","12":"product-type-simple"},"yoast_head":"<!-- This site is optimized with the Yoast SEO plugin v26.9 - https:\/\/yoast.com\/product\/yoast-seo-wordpress\/ -->\n<title>Exquises Esquisses ros\u00e9 - Ch\u00e2teau Maylandie, vignerons ind\u00e9pendants du sud de France au c\u0153ur des Corbi\u00e8res, sur le Terroir de Boutenac.<\/title>\n<meta name=\"description\" content=\"A.O.C. Corbi\u00e8res ros\u00e9 2025 - 13.5% vol.  Gold medal at the Concours des Grands Vins de Corbi\u00e8res 2026  VARIETIES : Grenache - Syrah CHARACTERISTICS: Soft, pale pink color and first aromatic notes. A floral touch too, with the violets offered by the syrah. Next, a fruit bouquet red with raspberry and the delicate sweetness of redcurrant jelly. Same fruity story on the palate, carried by a silky texture through to a salty, tangy finish. A beautiful a presence on the palate that makes it ideal for a meal, even a spicy one. Thai chicken or shrimps, carrots with orange sauce, rabbit with mustard sauce... but also a fish plancha with olive oil. GUARDING POTENTIAL: 2 years DISTINCTIONS: Ros\u00e9 2022: GOLD medal Concours Mondial des F\u00e9minalise Ros\u00e9 2021: 2 stars Guide Hachette des Vins 2023 Ros\u00e9 2018: GOLD at the Concours des Grands Vins de Corbi\u00e8res  A 5% discount is applied to orders of 6 bottles of the same cuv\u00e9e. Free delivery for orders over \u20ac200.\" \/>\n<meta name=\"robots\" content=\"index, follow, max-snippet:-1, max-image-preview:large, max-video-preview:-1\" \/>\n<link rel=\"canonical\" href=\"https:\/\/maylandie.fr\/en\/vins\/exquises-esquisses-rose\/\" \/>\n<meta property=\"og:locale\" content=\"en_US\" \/>\n<meta property=\"og:type\" content=\"article\" \/>\n<meta property=\"og:title\" content=\"Exquises Esquisses ros\u00e9 - Ch\u00e2teau Maylandie, vignerons ind\u00e9pendants du sud de France au c\u0153ur des Corbi\u00e8res, sur le Terroir de Boutenac.\" \/>\n<meta property=\"og:description\" content=\"A.O.C. Corbi\u00e8res ros\u00e9 2025 - 13.5% vol.  Gold medal at the Concours des Grands Vins de Corbi\u00e8res 2026  VARIETIES : Grenache - Syrah CHARACTERISTICS: Soft, pale pink color and first aromatic notes. A floral touch too, with the violets offered by the syrah. Next, a fruit bouquet red with raspberry and the delicate sweetness of redcurrant jelly. Same fruity story on the palate, carried by a silky texture through to a salty, tangy finish. A beautiful a presence on the palate that makes it ideal for a meal, even a spicy one. Thai chicken or shrimps, carrots with orange sauce, rabbit with mustard sauce... but also a fish plancha with olive oil. GUARDING POTENTIAL: 2 years DISTINCTIONS: Ros\u00e9 2022: GOLD medal Concours Mondial des F\u00e9minalise Ros\u00e9 2021: 2 stars Guide Hachette des Vins 2023 Ros\u00e9 2018: GOLD at the Concours des Grands Vins de Corbi\u00e8res  A 5% discount is applied to orders of 6 bottles of the same cuv\u00e9e. Free delivery for orders over \u20ac200.\" \/>\n<meta property=\"og:url\" content=\"https:\/\/maylandie.fr\/en\/vins\/exquises-esquisses-rose\/\" \/>\n<meta property=\"og:site_name\" content=\"Ch\u00e2teau Maylandie, vignerons ind\u00e9pendants du sud de France au c\u0153ur des Corbi\u00e8res, sur le Terroir de Boutenac.\" \/>\n<meta property=\"article:publisher\" content=\"https:\/\/www.facebook.com\/chateau.maylandie\" \/>\n<meta property=\"article:modified_time\" content=\"2026-05-07T17:11:35+00:00\" \/>\n<meta property=\"og:image\" content=\"https:\/\/maylandie.fr\/wp-content\/uploads\/2024\/04\/Exquises-Esquisses-rose-aoc-corbieres.jpg\" \/>\n\t<meta property=\"og:image:width\" content=\"1200\" \/>\n\t<meta property=\"og:image:height\" content=\"1200\" \/>\n\t<meta property=\"og:image:type\" content=\"image\/jpeg\" \/>\n<meta name=\"twitter:card\" content=\"summary_large_image\" \/>\n<meta name=\"twitter:label1\" content=\"Est. reading time\" \/>\n\t<meta name=\"twitter:data1\" content=\"1 minute\" \/>\n<script type=\"application\/ld+json\" class=\"yoast-schema-graph\">{\"@context\":\"https:\/\/schema.org\",\"@graph\":[{\"@type\":\"WebPage\",\"@id\":\"https:\/\/maylandie.fr\/en\/vins\/exquises-esquisses-rose\/\",\"url\":\"https:\/\/maylandie.fr\/en\/vins\/exquises-esquisses-rose\/\",\"name\":\"Exquises Esquisses ros\u00e9 - Ch\u00e2teau Maylandie, vignerons ind\u00e9pendants du sud de France au c\u0153ur des Corbi\u00e8res, sur le Terroir de Boutenac.\",\"isPartOf\":{\"@id\":\"https:\/\/maylandie.fr\/en\/#website\"},\"primaryImageOfPage\":{\"@id\":\"https:\/\/maylandie.fr\/en\/vins\/exquises-esquisses-rose\/#primaryimage\"},\"image\":{\"@id\":\"https:\/\/maylandie.fr\/en\/vins\/exquises-esquisses-rose\/#primaryimage\"},\"thumbnailUrl\":\"https:\/\/maylandie.fr\/wp-content\/uploads\/2024\/04\/Exquises-Esquisses-rose-aoc-corbieres.jpg\",\"datePublished\":\"2024-04-15T12:19:57+00:00\",\"dateModified\":\"2026-05-07T17:11:35+00:00\",\"description\":\"A.O.C. Corbi\u00e8res ros\u00e9 2025 - 13.5% vol. Gold medal at the Concours des Grands Vins de Corbi\u00e8res 2026 VARIETIES : Grenache - Syrah CHARACTERISTICS: Soft, pale pink color and first aromatic notes. A floral touch too, with the violets offered by the syrah. Next, a fruit bouquet red with raspberry and the delicate sweetness of redcurrant jelly. Same fruity story on the palate, carried by a silky texture through to a salty, tangy finish. A beautiful a presence on the palate that makes it ideal for a meal, even a spicy one. Thai chicken or shrimps, carrots with orange sauce, rabbit with mustard sauce... but also a fish plancha with olive oil. GUARDING POTENTIAL: 2 years DISTINCTIONS: Ros\u00e9 2022: GOLD medal Concours Mondial des F\u00e9minalise Ros\u00e9 2021: 2 stars Guide Hachette des Vins 2023 Ros\u00e9 2018: GOLD at the Concours des Grands Vins de Corbi\u00e8res A 5% discount is applied to orders of 6 bottles of the same cuv\u00e9e. Free delivery for orders over \u20ac200.\",\"breadcrumb\":{\"@id\":\"https:\/\/maylandie.fr\/en\/vins\/exquises-esquisses-rose\/#breadcrumb\"},\"inLanguage\":\"en-US\",\"potentialAction\":[{\"@type\":\"ReadAction\",\"target\":[\"https:\/\/maylandie.fr\/en\/vins\/exquises-esquisses-rose\/\"]}]},{\"@type\":\"ImageObject\",\"inLanguage\":\"en-US\",\"@id\":\"https:\/\/maylandie.fr\/en\/vins\/exquises-esquisses-rose\/#primaryimage\",\"url\":\"https:\/\/maylandie.fr\/wp-content\/uploads\/2024\/04\/Exquises-Esquisses-rose-aoc-corbieres.jpg\",\"contentUrl\":\"https:\/\/maylandie.fr\/wp-content\/uploads\/2024\/04\/Exquises-Esquisses-rose-aoc-corbieres.jpg\",\"width\":1200,\"height\":1200},{\"@type\":\"BreadcrumbList\",\"@id\":\"https:\/\/maylandie.fr\/en\/vins\/exquises-esquisses-rose\/#breadcrumb\",\"itemListElement\":[{\"@type\":\"ListItem\",\"position\":1,\"name\":\"Accueil\",\"item\":\"https:\/\/maylandie.fr\/en\/\"},{\"@type\":\"ListItem\",\"position\":2,\"name\":\"Store\",\"item\":\"https:\/\/maylandie.fr\/store\/\"},{\"@type\":\"ListItem\",\"position\":3,\"name\":\"Exquises Esquisses ros\u00e9\"}]},{\"@type\":\"WebSite\",\"@id\":\"https:\/\/maylandie.fr\/en\/#website\",\"url\":\"https:\/\/maylandie.fr\/en\/\",\"name\":\"Ch\u00e2teau Maylandie, vignerons ind\u00e9pendants du sud de France au c\u0153ur des Corbi\u00e8res, sur le Terroir de Boutenac.\",\"description\":\"\",\"publisher\":{\"@id\":\"https:\/\/maylandie.fr\/en\/#organization\"},\"potentialAction\":[{\"@type\":\"SearchAction\",\"target\":{\"@type\":\"EntryPoint\",\"urlTemplate\":\"https:\/\/maylandie.fr\/en\/?s={search_term_string}\"},\"query-input\":{\"@type\":\"PropertyValueSpecification\",\"valueRequired\":true,\"valueName\":\"search_term_string\"}}],\"inLanguage\":\"en-US\"},{\"@type\":\"Organization\",\"@id\":\"https:\/\/maylandie.fr\/en\/#organization\",\"name\":\"Ch\u00e2teau Maylandie, vignerons ind\u00e9pendants du sud de France au c\u0153ur des Corbi\u00e8res, sur le Terroir de Boutenac.\",\"url\":\"https:\/\/maylandie.fr\/en\/\",\"logo\":{\"@type\":\"ImageObject\",\"inLanguage\":\"en-US\",\"@id\":\"https:\/\/maylandie.fr\/en\/#\/schema\/logo\/image\/\",\"url\":\"https:\/\/maylandie.fr\/wp-content\/uploads\/2024\/04\/logo-modifie.png\",\"contentUrl\":\"https:\/\/maylandie.fr\/wp-content\/uploads\/2024\/04\/logo-modifie.png\",\"width\":600,\"height\":379,\"caption\":\"Ch\u00e2teau Maylandie, vignerons ind\u00e9pendants du sud de France au c\u0153ur des Corbi\u00e8res, sur le Terroir de Boutenac.\"},\"image\":{\"@id\":\"https:\/\/maylandie.fr\/en\/#\/schema\/logo\/image\/\"},\"sameAs\":[\"https:\/\/www.facebook.com\/chateau.maylandie\",\"https:\/\/www.instagram.com\/maylandie\/\"]}]}<\/script>\n<!-- \/ Yoast SEO plugin. -->","yoast_head_json":{"title":"Exquises Esquisses ros\u00e9 - Ch\u00e2teau Maylandie, vignerons ind\u00e9pendants du sud de France au c\u0153ur des Corbi\u00e8res, sur le Terroir de Boutenac.","description":"A.O.C. Corbi\u00e8res ros\u00e9 2025 - 13.5% vol.  Gold medal at the Concours des Grands Vins de Corbi\u00e8res 2026  VARIETIES : Grenache - Syrah CHARACTERISTICS: Soft, pale pink color and first aromatic notes. A floral touch too, with the violets offered by the syrah. Next, a fruit bouquet red with raspberry and the delicate sweetness of redcurrant jelly. Same fruity story on the palate, carried by a silky texture through to a salty, tangy finish. A beautiful a presence on the palate that makes it ideal for a meal, even a spicy one. Thai chicken or shrimps, carrots with orange sauce, rabbit with mustard sauce... but also a fish plancha with olive oil. GUARDING POTENTIAL: 2 years DISTINCTIONS: Ros\u00e9 2022: GOLD medal Concours Mondial des F\u00e9minalise Ros\u00e9 2021: 2 stars Guide Hachette des Vins 2023 Ros\u00e9 2018: GOLD at the Concours des Grands Vins de Corbi\u00e8res  A 5% discount is applied to orders of 6 bottles of the same cuv\u00e9e. Free delivery for orders over \u20ac200.","robots":{"index":"index","follow":"follow","max-snippet":"max-snippet:-1","max-image-preview":"max-image-preview:large","max-video-preview":"max-video-preview:-1"},"canonical":"https:\/\/maylandie.fr\/en\/vins\/exquises-esquisses-rose\/","og_locale":"en_US","og_type":"article","og_title":"Exquises Esquisses ros\u00e9 - Ch\u00e2teau Maylandie, vignerons ind\u00e9pendants du sud de France au c\u0153ur des Corbi\u00e8res, sur le Terroir de Boutenac.","og_description":"A.O.C. Corbi\u00e8res ros\u00e9 2025 - 13.5% vol.  Gold medal at the Concours des Grands Vins de Corbi\u00e8res 2026  VARIETIES : Grenache - Syrah CHARACTERISTICS: Soft, pale pink color and first aromatic notes. A floral touch too, with the violets offered by the syrah. Next, a fruit bouquet red with raspberry and the delicate sweetness of redcurrant jelly. Same fruity story on the palate, carried by a silky texture through to a salty, tangy finish. A beautiful a presence on the palate that makes it ideal for a meal, even a spicy one. Thai chicken or shrimps, carrots with orange sauce, rabbit with mustard sauce... but also a fish plancha with olive oil. GUARDING POTENTIAL: 2 years DISTINCTIONS: Ros\u00e9 2022: GOLD medal Concours Mondial des F\u00e9minalise Ros\u00e9 2021: 2 stars Guide Hachette des Vins 2023 Ros\u00e9 2018: GOLD at the Concours des Grands Vins de Corbi\u00e8res  A 5% discount is applied to orders of 6 bottles of the same cuv\u00e9e. Free delivery for orders over \u20ac200.","og_url":"https:\/\/maylandie.fr\/en\/vins\/exquises-esquisses-rose\/","og_site_name":"Ch\u00e2teau Maylandie, vignerons ind\u00e9pendants du sud de France au c\u0153ur des Corbi\u00e8res, sur le Terroir de Boutenac.","article_publisher":"https:\/\/www.facebook.com\/chateau.maylandie","article_modified_time":"2026-05-07T17:11:35+00:00","og_image":[{"width":1200,"height":1200,"url":"https:\/\/maylandie.fr\/wp-content\/uploads\/2024\/04\/Exquises-Esquisses-rose-aoc-corbieres.jpg","type":"image\/jpeg"}],"twitter_card":"summary_large_image","twitter_misc":{"Est. reading time":"1 minute"},"schema":{"@context":"https:\/\/schema.org","@graph":[{"@type":"WebPage","@id":"https:\/\/maylandie.fr\/en\/vins\/exquises-esquisses-rose\/","url":"https:\/\/maylandie.fr\/en\/vins\/exquises-esquisses-rose\/","name":"Exquises Esquisses ros\u00e9 - Ch\u00e2teau Maylandie, vignerons ind\u00e9pendants du sud de France au c\u0153ur des Corbi\u00e8res, sur le Terroir de Boutenac.","isPartOf":{"@id":"https:\/\/maylandie.fr\/en\/#website"},"primaryImageOfPage":{"@id":"https:\/\/maylandie.fr\/en\/vins\/exquises-esquisses-rose\/#primaryimage"},"image":{"@id":"https:\/\/maylandie.fr\/en\/vins\/exquises-esquisses-rose\/#primaryimage"},"thumbnailUrl":"https:\/\/maylandie.fr\/wp-content\/uploads\/2024\/04\/Exquises-Esquisses-rose-aoc-corbieres.jpg","datePublished":"2024-04-15T12:19:57+00:00","dateModified":"2026-05-07T17:11:35+00:00","description":"A.O.C. Corbi\u00e8res ros\u00e9 2025 - 13.5% vol. Gold medal at the Concours des Grands Vins de Corbi\u00e8res 2026 VARIETIES : Grenache - Syrah CHARACTERISTICS: Soft, pale pink color and first aromatic notes. A floral touch too, with the violets offered by the syrah. Next, a fruit bouquet red with raspberry and the delicate sweetness of redcurrant jelly. Same fruity story on the palate, carried by a silky texture through to a salty, tangy finish. A beautiful a presence on the palate that makes it ideal for a meal, even a spicy one. Thai chicken or shrimps, carrots with orange sauce, rabbit with mustard sauce... but also a fish plancha with olive oil. GUARDING POTENTIAL: 2 years DISTINCTIONS: Ros\u00e9 2022: GOLD medal Concours Mondial des F\u00e9minalise Ros\u00e9 2021: 2 stars Guide Hachette des Vins 2023 Ros\u00e9 2018: GOLD at the Concours des Grands Vins de Corbi\u00e8res A 5% discount is applied to orders of 6 bottles of the same cuv\u00e9e. Free delivery for orders over \u20ac200.","breadcrumb":{"@id":"https:\/\/maylandie.fr\/en\/vins\/exquises-esquisses-rose\/#breadcrumb"},"inLanguage":"en-US","potentialAction":[{"@type":"ReadAction","target":["https:\/\/maylandie.fr\/en\/vins\/exquises-esquisses-rose\/"]}]},{"@type":"ImageObject","inLanguage":"en-US","@id":"https:\/\/maylandie.fr\/en\/vins\/exquises-esquisses-rose\/#primaryimage","url":"https:\/\/maylandie.fr\/wp-content\/uploads\/2024\/04\/Exquises-Esquisses-rose-aoc-corbieres.jpg","contentUrl":"https:\/\/maylandie.fr\/wp-content\/uploads\/2024\/04\/Exquises-Esquisses-rose-aoc-corbieres.jpg","width":1200,"height":1200},{"@type":"BreadcrumbList","@id":"https:\/\/maylandie.fr\/en\/vins\/exquises-esquisses-rose\/#breadcrumb","itemListElement":[{"@type":"ListItem","position":1,"name":"Accueil","item":"https:\/\/maylandie.fr\/en\/"},{"@type":"ListItem","position":2,"name":"Store","item":"https:\/\/maylandie.fr\/store\/"},{"@type":"ListItem","position":3,"name":"Exquises Esquisses ros\u00e9"}]},{"@type":"WebSite","@id":"https:\/\/maylandie.fr\/en\/#website","url":"https:\/\/maylandie.fr\/en\/","name":"Ch\u00e2teau Maylandie, vignerons ind\u00e9pendants du sud de France au c\u0153ur des Corbi\u00e8res, sur le Terroir de Boutenac.","description":"","publisher":{"@id":"https:\/\/maylandie.fr\/en\/#organization"},"potentialAction":[{"@type":"SearchAction","target":{"@type":"EntryPoint","urlTemplate":"https:\/\/maylandie.fr\/en\/?s={search_term_string}"},"query-input":{"@type":"PropertyValueSpecification","valueRequired":true,"valueName":"search_term_string"}}],"inLanguage":"en-US"},{"@type":"Organization","@id":"https:\/\/maylandie.fr\/en\/#organization","name":"Ch\u00e2teau Maylandie, vignerons ind\u00e9pendants du sud de France au c\u0153ur des Corbi\u00e8res, sur le Terroir de Boutenac.","url":"https:\/\/maylandie.fr\/en\/","logo":{"@type":"ImageObject","inLanguage":"en-US","@id":"https:\/\/maylandie.fr\/en\/#\/schema\/logo\/image\/","url":"https:\/\/maylandie.fr\/wp-content\/uploads\/2024\/04\/logo-modifie.png","contentUrl":"https:\/\/maylandie.fr\/wp-content\/uploads\/2024\/04\/logo-modifie.png","width":600,"height":379,"caption":"Ch\u00e2teau Maylandie, vignerons ind\u00e9pendants du sud de France au c\u0153ur des Corbi\u00e8res, sur le Terroir de Boutenac."},"image":{"@id":"https:\/\/maylandie.fr\/en\/#\/schema\/logo\/image\/"},"sameAs":["https:\/\/www.facebook.com\/chateau.maylandie","https:\/\/www.instagram.com\/maylandie\/"]}]}},"_links":{"self":[{"href":"https:\/\/maylandie.fr\/en\/wp-json\/wp\/v2\/product\/950","targetHints":{"allow":["GET"]}}],"collection":[{"href":"https:\/\/maylandie.fr\/en\/wp-json\/wp\/v2\/product"}],"about":[{"href":"https:\/\/maylandie.fr\/en\/wp-json\/wp\/v2\/types\/product"}],"wp:featuredmedia":[{"embeddable":true,"href":"https:\/\/maylandie.fr\/en\/wp-json\/wp\/v2\/media\/847"}],"wp:attachment":[{"href":"https:\/\/maylandie.fr\/en\/wp-json\/wp\/v2\/media?parent=950"}],"wp:term":[{"taxonomy":"product_brand","embeddable":true,"href":"https:\/\/maylandie.fr\/en\/wp-json\/wp\/v2\/product_brand?post=950"},{"taxonomy":"product_cat","embeddable":true,"href":"https:\/\/maylandie.fr\/en\/wp-json\/wp\/v2\/product_cat?post=950"},{"taxonomy":"product_tag","embeddable":true,"href":"https:\/\/maylandie.fr\/en\/wp-json\/wp\/v2\/product_tag?post=950"}],"curies":[{"name":"wp","href":"https:\/\/api.w.org\/{rel}","templated":true}]}}