{"id":951,"date":"2024-04-15T14:47:31","date_gmt":"2024-04-15T12:47:31","guid":{"rendered":"https:\/\/maylandie.fr\/vins\/villa-ferrae-red\/"},"modified":"2026-05-07T19:14:52","modified_gmt":"2026-05-07T17:14:52","slug":"villa-ferrae-red","status":"publish","type":"product","link":"https:\/\/maylandie.fr\/en\/vins\/villa-ferrae-red\/","title":{"rendered":"Villa Ferrae red"},"content":{"rendered":"","protected":false},"excerpt":{"rendered":"<p>A.O.C. Corbi\u00e8res-Boutenac 2023 &#8211; 14.5% vol.<br \/>\n<strong>1 star at Guide Hachette des Vins 2026 + Gold medal at Concours des Grands Vins de France 2025 and Concours mondial des F\u00e9minalise 2025<\/strong><\/p>\n<p>In Roman times, Ferrals-les-Corbi\u00e8res was known as Villa Ferrae.<br \/>\nEven then, the valiant soldiers of the Empire who had received land as a reward for their bravery planted vines.<\/p>\n<p><em><strong>&#8220;Our Boutenac is the estate&#8217;s flagship cuv\u00e9e and was created in the 1990s by Jean Maymil.&#8221;<\/strong><\/em><\/p>\n<p><strong>GRAPE VARIETIES:<\/strong> 40% Grenache noir &#8211; 30% Carignan &#8211; 30% Syrah<br \/>\n<strong>AGEING<\/strong>: one year in new Bordeaux barrels for the Syrah.<br \/>\nBlended 2 months before bottling.<br \/>\n<strong>CHARACTERISTICS:<\/strong> brilliant dark red color with violet highlights. Spicy (black pepper) and fruity (raspberry &amp; blackberry) on the nose; complex on aeration with toast, sental wood and sweet spices. Tender, savory and spicy on the palate, the wine melts in the mouth with subdued tannins.<br \/>\n<strong>KEEPING POTENTIAL:<\/strong> 8\/10 years<br \/>\n<strong>DISTINCTIONS :<\/strong><br \/>\nVilla Ferrae 2021 : Coup de C\u0153ur and 2 stars Guide Hachette des Vins 2024<br \/>\nVilla Ferrae 2020: 1 star Guide Hachette des Vins 2023 and GOLD<br \/>\nConcours des Grands Vins de France de M\u00e2con<br \/>\n2019 : SILVER Concours des Grands Vins de France and Concours des F\u00e9minalise<br \/>\nVilla Ferrae 2018: 2 stars Guide Hachette des Vins 2021 and Gold Concours Mondial des F\u00e9minalise<br \/>\nVilla Ferrae 2017: 1 star in the Guide Hachette des Vins and SILVER in the Concours des Vignerons Ind\u00e9pendants<br \/>\nRevue du Vin de France: &#8220;This estate is constantly improving.<br \/>\nPowerful, tannic and demanding, this large-caliber wine offers a distinguished range of aromas (cocoa, graphite, rosemary).<\/p>\n<p><em>A 5% discount is applied to orders of 6 bottles of the same cuv\u00e9e.<br \/>\nFree delivery for orders over \u20ac200.<\/em><\/p>\n","protected":false},"featured_media":853,"template":"","meta":[],"product_brand":[],"product_cat":[30],"product_tag":[],"class_list":{"0":"post-951","1":"product","2":"type-product","3":"status-publish","4":"has-post-thumbnail","6":"product_cat-wines","8":"first","9":"instock","10":"shipping-taxable","11":"purchasable","12":"product-type-simple"},"yoast_head":"<!-- This site is optimized with the Yoast SEO plugin v26.9 - https:\/\/yoast.com\/product\/yoast-seo-wordpress\/ -->\n<title>Villa Ferrae red - Ch\u00e2teau Maylandie, vignerons ind\u00e9pendants du sud de France au c\u0153ur des Corbi\u00e8res, sur le Terroir de Boutenac.<\/title>\n<meta name=\"description\" content=\"A.O.C. Corbi\u00e8res-Boutenac 2023 - 14.5% vol. 1 star at Guide Hachette des Vins 2026 + Gold medal at Concours des Grands Vins de France 2025 and Concours mondial des F\u00e9minalise 2025  In Roman times, Ferrals-les-Corbi\u00e8res was known as Villa Ferrae. Even then, the valiant soldiers of the Empire who had received land as a reward for their bravery planted vines.  &quot;Our Boutenac is the estate&#039;s flagship cuv\u00e9e and was created in the 1990s by Jean Maymil.&quot;  GRAPE VARIETIES: 40% Grenache noir - 30% Carignan - 30% Syrah AGEING: one year in new Bordeaux barrels for the Syrah. Blended 2 months before bottling. CHARACTERISTICS: brilliant dark red color with violet highlights. Spicy (black pepper) and fruity (raspberry &amp; blackberry) on the nose; complex on aeration with toast, sental wood and sweet spices. Tender, savory and spicy on the palate, the wine melts in the mouth with subdued tannins. KEEPING POTENTIAL: 8\/10 years DISTINCTIONS : Villa Ferrae 2021 : Coup de C\u0153ur and 2 stars Guide Hachette des Vins 2024 Villa Ferrae 2020: 1 star Guide Hachette des Vins 2023 and GOLD Concours des Grands Vins de France de M\u00e2con 2019 : SILVER Concours des Grands Vins de France and Concours des F\u00e9minalise Villa Ferrae 2018: 2 stars Guide Hachette des Vins 2021 and Gold Concours Mondial des F\u00e9minalise Villa Ferrae 2017: 1 star in the Guide Hachette des Vins and SILVER in the Concours des Vignerons Ind\u00e9pendants Revue du Vin de France: &quot;This estate is constantly improving. Powerful, tannic and demanding, this large-caliber wine offers a distinguished range of aromas (cocoa, graphite, rosemary).  A 5% discount is applied to orders of 6 bottles of the same cuv\u00e9e. Free delivery for orders over \u20ac200.\" \/>\n<meta name=\"robots\" content=\"index, follow, max-snippet:-1, max-image-preview:large, max-video-preview:-1\" \/>\n<link rel=\"canonical\" href=\"https:\/\/maylandie.fr\/en\/vins\/villa-ferrae-red\/\" \/>\n<meta property=\"og:locale\" content=\"en_US\" \/>\n<meta property=\"og:type\" content=\"article\" \/>\n<meta property=\"og:title\" content=\"Villa Ferrae red - Ch\u00e2teau Maylandie, vignerons ind\u00e9pendants du sud de France au c\u0153ur des Corbi\u00e8res, sur le Terroir de Boutenac.\" \/>\n<meta property=\"og:description\" content=\"A.O.C. Corbi\u00e8res-Boutenac 2023 - 14.5% vol. 1 star at Guide Hachette des Vins 2026 + Gold medal at Concours des Grands Vins de France 2025 and Concours mondial des F\u00e9minalise 2025  In Roman times, Ferrals-les-Corbi\u00e8res was known as Villa Ferrae. Even then, the valiant soldiers of the Empire who had received land as a reward for their bravery planted vines.  &quot;Our Boutenac is the estate&#039;s flagship cuv\u00e9e and was created in the 1990s by Jean Maymil.&quot;  GRAPE VARIETIES: 40% Grenache noir - 30% Carignan - 30% Syrah AGEING: one year in new Bordeaux barrels for the Syrah. Blended 2 months before bottling. CHARACTERISTICS: brilliant dark red color with violet highlights. Spicy (black pepper) and fruity (raspberry &amp; blackberry) on the nose; complex on aeration with toast, sental wood and sweet spices. Tender, savory and spicy on the palate, the wine melts in the mouth with subdued tannins. KEEPING POTENTIAL: 8\/10 years DISTINCTIONS : Villa Ferrae 2021 : Coup de C\u0153ur and 2 stars Guide Hachette des Vins 2024 Villa Ferrae 2020: 1 star Guide Hachette des Vins 2023 and GOLD Concours des Grands Vins de France de M\u00e2con 2019 : SILVER Concours des Grands Vins de France and Concours des F\u00e9minalise Villa Ferrae 2018: 2 stars Guide Hachette des Vins 2021 and Gold Concours Mondial des F\u00e9minalise Villa Ferrae 2017: 1 star in the Guide Hachette des Vins and SILVER in the Concours des Vignerons Ind\u00e9pendants Revue du Vin de France: &quot;This estate is constantly improving. Powerful, tannic and demanding, this large-caliber wine offers a distinguished range of aromas (cocoa, graphite, rosemary).  A 5% discount is applied to orders of 6 bottles of the same cuv\u00e9e. Free delivery for orders over \u20ac200.\" \/>\n<meta property=\"og:url\" content=\"https:\/\/maylandie.fr\/en\/vins\/villa-ferrae-red\/\" \/>\n<meta property=\"og:site_name\" content=\"Ch\u00e2teau Maylandie, vignerons ind\u00e9pendants du sud de France au c\u0153ur des Corbi\u00e8res, sur le Terroir de Boutenac.\" \/>\n<meta property=\"article:publisher\" content=\"https:\/\/www.facebook.com\/chateau.maylandie\" \/>\n<meta property=\"article:modified_time\" content=\"2026-05-07T17:14:52+00:00\" \/>\n<meta property=\"og:image\" content=\"https:\/\/maylandie.fr\/wp-content\/uploads\/2024\/04\/VILLA-FERRAE-rouge-aoc-corbieres.jpg\" \/>\n\t<meta property=\"og:image:width\" content=\"1200\" \/>\n\t<meta property=\"og:image:height\" content=\"1200\" \/>\n\t<meta property=\"og:image:type\" content=\"image\/jpeg\" \/>\n<meta name=\"twitter:card\" content=\"summary_large_image\" \/>\n<meta name=\"twitter:label1\" content=\"Est. reading time\" \/>\n\t<meta name=\"twitter:data1\" content=\"1 minute\" \/>\n<script type=\"application\/ld+json\" class=\"yoast-schema-graph\">{\"@context\":\"https:\/\/schema.org\",\"@graph\":[{\"@type\":\"WebPage\",\"@id\":\"https:\/\/maylandie.fr\/en\/vins\/villa-ferrae-red\/\",\"url\":\"https:\/\/maylandie.fr\/en\/vins\/villa-ferrae-red\/\",\"name\":\"Villa Ferrae red - Ch\u00e2teau Maylandie, vignerons ind\u00e9pendants du sud de France au c\u0153ur des Corbi\u00e8res, sur le Terroir de Boutenac.\",\"isPartOf\":{\"@id\":\"https:\/\/maylandie.fr\/en\/#website\"},\"primaryImageOfPage\":{\"@id\":\"https:\/\/maylandie.fr\/en\/vins\/villa-ferrae-red\/#primaryimage\"},\"image\":{\"@id\":\"https:\/\/maylandie.fr\/en\/vins\/villa-ferrae-red\/#primaryimage\"},\"thumbnailUrl\":\"https:\/\/maylandie.fr\/wp-content\/uploads\/2024\/04\/VILLA-FERRAE-rouge-aoc-corbieres.jpg\",\"datePublished\":\"2024-04-15T12:47:31+00:00\",\"dateModified\":\"2026-05-07T17:14:52+00:00\",\"description\":\"A.O.C. Corbi\u00e8res-Boutenac 2023 - 14.5% vol. 1 star at Guide Hachette des Vins 2026 + Gold medal at Concours des Grands Vins de France 2025 and Concours mondial des F\u00e9minalise 2025 In Roman times, Ferrals-les-Corbi\u00e8res was known as Villa Ferrae. Even then, the valiant soldiers of the Empire who had received land as a reward for their bravery planted vines. \\\"Our Boutenac is the estate's flagship cuv\u00e9e and was created in the 1990s by Jean Maymil.\\\" GRAPE VARIETIES: 40% Grenache noir - 30% Carignan - 30% Syrah AGEING: one year in new Bordeaux barrels for the Syrah. Blended 2 months before bottling. CHARACTERISTICS: brilliant dark red color with violet highlights. Spicy (black pepper) and fruity (raspberry &amp; blackberry) on the nose; complex on aeration with toast, sental wood and sweet spices. Tender, savory and spicy on the palate, the wine melts in the mouth with subdued tannins. KEEPING POTENTIAL: 8\/10 years DISTINCTIONS : Villa Ferrae 2021 : Coup de C\u0153ur and 2 stars Guide Hachette des Vins 2024 Villa Ferrae 2020: 1 star Guide Hachette des Vins 2023 and GOLD Concours des Grands Vins de France de M\u00e2con 2019 : SILVER Concours des Grands Vins de France and Concours des F\u00e9minalise Villa Ferrae 2018: 2 stars Guide Hachette des Vins 2021 and Gold Concours Mondial des F\u00e9minalise Villa Ferrae 2017: 1 star in the Guide Hachette des Vins and SILVER in the Concours des Vignerons Ind\u00e9pendants Revue du Vin de France: \\\"This estate is constantly improving. Powerful, tannic and demanding, this large-caliber wine offers a distinguished range of aromas (cocoa, graphite, rosemary). A 5% discount is applied to orders of 6 bottles of the same cuv\u00e9e. Free delivery for orders over \u20ac200.\",\"breadcrumb\":{\"@id\":\"https:\/\/maylandie.fr\/en\/vins\/villa-ferrae-red\/#breadcrumb\"},\"inLanguage\":\"en-US\",\"potentialAction\":[{\"@type\":\"ReadAction\",\"target\":[\"https:\/\/maylandie.fr\/en\/vins\/villa-ferrae-red\/\"]}]},{\"@type\":\"ImageObject\",\"inLanguage\":\"en-US\",\"@id\":\"https:\/\/maylandie.fr\/en\/vins\/villa-ferrae-red\/#primaryimage\",\"url\":\"https:\/\/maylandie.fr\/wp-content\/uploads\/2024\/04\/VILLA-FERRAE-rouge-aoc-corbieres.jpg\",\"contentUrl\":\"https:\/\/maylandie.fr\/wp-content\/uploads\/2024\/04\/VILLA-FERRAE-rouge-aoc-corbieres.jpg\",\"width\":1200,\"height\":1200},{\"@type\":\"BreadcrumbList\",\"@id\":\"https:\/\/maylandie.fr\/en\/vins\/villa-ferrae-red\/#breadcrumb\",\"itemListElement\":[{\"@type\":\"ListItem\",\"position\":1,\"name\":\"Accueil\",\"item\":\"https:\/\/maylandie.fr\/en\/\"},{\"@type\":\"ListItem\",\"position\":2,\"name\":\"Store\",\"item\":\"https:\/\/maylandie.fr\/store\/\"},{\"@type\":\"ListItem\",\"position\":3,\"name\":\"Villa Ferrae red\"}]},{\"@type\":\"WebSite\",\"@id\":\"https:\/\/maylandie.fr\/en\/#website\",\"url\":\"https:\/\/maylandie.fr\/en\/\",\"name\":\"Ch\u00e2teau Maylandie, vignerons ind\u00e9pendants du sud de France au c\u0153ur des Corbi\u00e8res, sur le Terroir de Boutenac.\",\"description\":\"\",\"publisher\":{\"@id\":\"https:\/\/maylandie.fr\/en\/#organization\"},\"potentialAction\":[{\"@type\":\"SearchAction\",\"target\":{\"@type\":\"EntryPoint\",\"urlTemplate\":\"https:\/\/maylandie.fr\/en\/?s={search_term_string}\"},\"query-input\":{\"@type\":\"PropertyValueSpecification\",\"valueRequired\":true,\"valueName\":\"search_term_string\"}}],\"inLanguage\":\"en-US\"},{\"@type\":\"Organization\",\"@id\":\"https:\/\/maylandie.fr\/en\/#organization\",\"name\":\"Ch\u00e2teau Maylandie, vignerons ind\u00e9pendants du sud de France au c\u0153ur des Corbi\u00e8res, sur le Terroir de Boutenac.\",\"url\":\"https:\/\/maylandie.fr\/en\/\",\"logo\":{\"@type\":\"ImageObject\",\"inLanguage\":\"en-US\",\"@id\":\"https:\/\/maylandie.fr\/en\/#\/schema\/logo\/image\/\",\"url\":\"https:\/\/maylandie.fr\/wp-content\/uploads\/2024\/04\/logo-modifie.png\",\"contentUrl\":\"https:\/\/maylandie.fr\/wp-content\/uploads\/2024\/04\/logo-modifie.png\",\"width\":600,\"height\":379,\"caption\":\"Ch\u00e2teau Maylandie, vignerons ind\u00e9pendants du sud de France au c\u0153ur des Corbi\u00e8res, sur le Terroir de Boutenac.\"},\"image\":{\"@id\":\"https:\/\/maylandie.fr\/en\/#\/schema\/logo\/image\/\"},\"sameAs\":[\"https:\/\/www.facebook.com\/chateau.maylandie\",\"https:\/\/www.instagram.com\/maylandie\/\"]}]}<\/script>\n<!-- \/ Yoast SEO plugin. -->","yoast_head_json":{"title":"Villa Ferrae red - Ch\u00e2teau Maylandie, vignerons ind\u00e9pendants du sud de France au c\u0153ur des Corbi\u00e8res, sur le Terroir de Boutenac.","description":"A.O.C. Corbi\u00e8res-Boutenac 2023 - 14.5% vol. 1 star at Guide Hachette des Vins 2026 + Gold medal at Concours des Grands Vins de France 2025 and Concours mondial des F\u00e9minalise 2025  In Roman times, Ferrals-les-Corbi\u00e8res was known as Villa Ferrae. Even then, the valiant soldiers of the Empire who had received land as a reward for their bravery planted vines.  \"Our Boutenac is the estate's flagship cuv\u00e9e and was created in the 1990s by Jean Maymil.\"  GRAPE VARIETIES: 40% Grenache noir - 30% Carignan - 30% Syrah AGEING: one year in new Bordeaux barrels for the Syrah. Blended 2 months before bottling. CHARACTERISTICS: brilliant dark red color with violet highlights. Spicy (black pepper) and fruity (raspberry &amp; blackberry) on the nose; complex on aeration with toast, sental wood and sweet spices. Tender, savory and spicy on the palate, the wine melts in the mouth with subdued tannins. KEEPING POTENTIAL: 8\/10 years DISTINCTIONS : Villa Ferrae 2021 : Coup de C\u0153ur and 2 stars Guide Hachette des Vins 2024 Villa Ferrae 2020: 1 star Guide Hachette des Vins 2023 and GOLD Concours des Grands Vins de France de M\u00e2con 2019 : SILVER Concours des Grands Vins de France and Concours des F\u00e9minalise Villa Ferrae 2018: 2 stars Guide Hachette des Vins 2021 and Gold Concours Mondial des F\u00e9minalise Villa Ferrae 2017: 1 star in the Guide Hachette des Vins and SILVER in the Concours des Vignerons Ind\u00e9pendants Revue du Vin de France: \"This estate is constantly improving. Powerful, tannic and demanding, this large-caliber wine offers a distinguished range of aromas (cocoa, graphite, rosemary).  A 5% discount is applied to orders of 6 bottles of the same cuv\u00e9e. Free delivery for orders over \u20ac200.","robots":{"index":"index","follow":"follow","max-snippet":"max-snippet:-1","max-image-preview":"max-image-preview:large","max-video-preview":"max-video-preview:-1"},"canonical":"https:\/\/maylandie.fr\/en\/vins\/villa-ferrae-red\/","og_locale":"en_US","og_type":"article","og_title":"Villa Ferrae red - Ch\u00e2teau Maylandie, vignerons ind\u00e9pendants du sud de France au c\u0153ur des Corbi\u00e8res, sur le Terroir de Boutenac.","og_description":"A.O.C. Corbi\u00e8res-Boutenac 2023 - 14.5% vol. 1 star at Guide Hachette des Vins 2026 + Gold medal at Concours des Grands Vins de France 2025 and Concours mondial des F\u00e9minalise 2025  In Roman times, Ferrals-les-Corbi\u00e8res was known as Villa Ferrae. Even then, the valiant soldiers of the Empire who had received land as a reward for their bravery planted vines.  \"Our Boutenac is the estate's flagship cuv\u00e9e and was created in the 1990s by Jean Maymil.\"  GRAPE VARIETIES: 40% Grenache noir - 30% Carignan - 30% Syrah AGEING: one year in new Bordeaux barrels for the Syrah. Blended 2 months before bottling. CHARACTERISTICS: brilliant dark red color with violet highlights. Spicy (black pepper) and fruity (raspberry &amp; blackberry) on the nose; complex on aeration with toast, sental wood and sweet spices. Tender, savory and spicy on the palate, the wine melts in the mouth with subdued tannins. KEEPING POTENTIAL: 8\/10 years DISTINCTIONS : Villa Ferrae 2021 : Coup de C\u0153ur and 2 stars Guide Hachette des Vins 2024 Villa Ferrae 2020: 1 star Guide Hachette des Vins 2023 and GOLD Concours des Grands Vins de France de M\u00e2con 2019 : SILVER Concours des Grands Vins de France and Concours des F\u00e9minalise Villa Ferrae 2018: 2 stars Guide Hachette des Vins 2021 and Gold Concours Mondial des F\u00e9minalise Villa Ferrae 2017: 1 star in the Guide Hachette des Vins and SILVER in the Concours des Vignerons Ind\u00e9pendants Revue du Vin de France: \"This estate is constantly improving. Powerful, tannic and demanding, this large-caliber wine offers a distinguished range of aromas (cocoa, graphite, rosemary).  A 5% discount is applied to orders of 6 bottles of the same cuv\u00e9e. Free delivery for orders over \u20ac200.","og_url":"https:\/\/maylandie.fr\/en\/vins\/villa-ferrae-red\/","og_site_name":"Ch\u00e2teau Maylandie, vignerons ind\u00e9pendants du sud de France au c\u0153ur des Corbi\u00e8res, sur le Terroir de Boutenac.","article_publisher":"https:\/\/www.facebook.com\/chateau.maylandie","article_modified_time":"2026-05-07T17:14:52+00:00","og_image":[{"width":1200,"height":1200,"url":"https:\/\/maylandie.fr\/wp-content\/uploads\/2024\/04\/VILLA-FERRAE-rouge-aoc-corbieres.jpg","type":"image\/jpeg"}],"twitter_card":"summary_large_image","twitter_misc":{"Est. reading time":"1 minute"},"schema":{"@context":"https:\/\/schema.org","@graph":[{"@type":"WebPage","@id":"https:\/\/maylandie.fr\/en\/vins\/villa-ferrae-red\/","url":"https:\/\/maylandie.fr\/en\/vins\/villa-ferrae-red\/","name":"Villa Ferrae red - Ch\u00e2teau Maylandie, vignerons ind\u00e9pendants du sud de France au c\u0153ur des Corbi\u00e8res, sur le Terroir de Boutenac.","isPartOf":{"@id":"https:\/\/maylandie.fr\/en\/#website"},"primaryImageOfPage":{"@id":"https:\/\/maylandie.fr\/en\/vins\/villa-ferrae-red\/#primaryimage"},"image":{"@id":"https:\/\/maylandie.fr\/en\/vins\/villa-ferrae-red\/#primaryimage"},"thumbnailUrl":"https:\/\/maylandie.fr\/wp-content\/uploads\/2024\/04\/VILLA-FERRAE-rouge-aoc-corbieres.jpg","datePublished":"2024-04-15T12:47:31+00:00","dateModified":"2026-05-07T17:14:52+00:00","description":"A.O.C. Corbi\u00e8res-Boutenac 2023 - 14.5% vol. 1 star at Guide Hachette des Vins 2026 + Gold medal at Concours des Grands Vins de France 2025 and Concours mondial des F\u00e9minalise 2025 In Roman times, Ferrals-les-Corbi\u00e8res was known as Villa Ferrae. Even then, the valiant soldiers of the Empire who had received land as a reward for their bravery planted vines. \"Our Boutenac is the estate's flagship cuv\u00e9e and was created in the 1990s by Jean Maymil.\" GRAPE VARIETIES: 40% Grenache noir - 30% Carignan - 30% Syrah AGEING: one year in new Bordeaux barrels for the Syrah. Blended 2 months before bottling. CHARACTERISTICS: brilliant dark red color with violet highlights. Spicy (black pepper) and fruity (raspberry &amp; blackberry) on the nose; complex on aeration with toast, sental wood and sweet spices. Tender, savory and spicy on the palate, the wine melts in the mouth with subdued tannins. KEEPING POTENTIAL: 8\/10 years DISTINCTIONS : Villa Ferrae 2021 : Coup de C\u0153ur and 2 stars Guide Hachette des Vins 2024 Villa Ferrae 2020: 1 star Guide Hachette des Vins 2023 and GOLD Concours des Grands Vins de France de M\u00e2con 2019 : SILVER Concours des Grands Vins de France and Concours des F\u00e9minalise Villa Ferrae 2018: 2 stars Guide Hachette des Vins 2021 and Gold Concours Mondial des F\u00e9minalise Villa Ferrae 2017: 1 star in the Guide Hachette des Vins and SILVER in the Concours des Vignerons Ind\u00e9pendants Revue du Vin de France: \"This estate is constantly improving. Powerful, tannic and demanding, this large-caliber wine offers a distinguished range of aromas (cocoa, graphite, rosemary). A 5% discount is applied to orders of 6 bottles of the same cuv\u00e9e. Free delivery for orders over \u20ac200.","breadcrumb":{"@id":"https:\/\/maylandie.fr\/en\/vins\/villa-ferrae-red\/#breadcrumb"},"inLanguage":"en-US","potentialAction":[{"@type":"ReadAction","target":["https:\/\/maylandie.fr\/en\/vins\/villa-ferrae-red\/"]}]},{"@type":"ImageObject","inLanguage":"en-US","@id":"https:\/\/maylandie.fr\/en\/vins\/villa-ferrae-red\/#primaryimage","url":"https:\/\/maylandie.fr\/wp-content\/uploads\/2024\/04\/VILLA-FERRAE-rouge-aoc-corbieres.jpg","contentUrl":"https:\/\/maylandie.fr\/wp-content\/uploads\/2024\/04\/VILLA-FERRAE-rouge-aoc-corbieres.jpg","width":1200,"height":1200},{"@type":"BreadcrumbList","@id":"https:\/\/maylandie.fr\/en\/vins\/villa-ferrae-red\/#breadcrumb","itemListElement":[{"@type":"ListItem","position":1,"name":"Accueil","item":"https:\/\/maylandie.fr\/en\/"},{"@type":"ListItem","position":2,"name":"Store","item":"https:\/\/maylandie.fr\/store\/"},{"@type":"ListItem","position":3,"name":"Villa Ferrae red"}]},{"@type":"WebSite","@id":"https:\/\/maylandie.fr\/en\/#website","url":"https:\/\/maylandie.fr\/en\/","name":"Ch\u00e2teau Maylandie, vignerons ind\u00e9pendants du sud de France au c\u0153ur des Corbi\u00e8res, sur le Terroir de Boutenac.","description":"","publisher":{"@id":"https:\/\/maylandie.fr\/en\/#organization"},"potentialAction":[{"@type":"SearchAction","target":{"@type":"EntryPoint","urlTemplate":"https:\/\/maylandie.fr\/en\/?s={search_term_string}"},"query-input":{"@type":"PropertyValueSpecification","valueRequired":true,"valueName":"search_term_string"}}],"inLanguage":"en-US"},{"@type":"Organization","@id":"https:\/\/maylandie.fr\/en\/#organization","name":"Ch\u00e2teau Maylandie, vignerons ind\u00e9pendants du sud de France au c\u0153ur des Corbi\u00e8res, sur le Terroir de Boutenac.","url":"https:\/\/maylandie.fr\/en\/","logo":{"@type":"ImageObject","inLanguage":"en-US","@id":"https:\/\/maylandie.fr\/en\/#\/schema\/logo\/image\/","url":"https:\/\/maylandie.fr\/wp-content\/uploads\/2024\/04\/logo-modifie.png","contentUrl":"https:\/\/maylandie.fr\/wp-content\/uploads\/2024\/04\/logo-modifie.png","width":600,"height":379,"caption":"Ch\u00e2teau Maylandie, vignerons ind\u00e9pendants du sud de France au c\u0153ur des Corbi\u00e8res, sur le Terroir de Boutenac."},"image":{"@id":"https:\/\/maylandie.fr\/en\/#\/schema\/logo\/image\/"},"sameAs":["https:\/\/www.facebook.com\/chateau.maylandie","https:\/\/www.instagram.com\/maylandie\/"]}]}},"_links":{"self":[{"href":"https:\/\/maylandie.fr\/en\/wp-json\/wp\/v2\/product\/951","targetHints":{"allow":["GET"]}}],"collection":[{"href":"https:\/\/maylandie.fr\/en\/wp-json\/wp\/v2\/product"}],"about":[{"href":"https:\/\/maylandie.fr\/en\/wp-json\/wp\/v2\/types\/product"}],"wp:featuredmedia":[{"embeddable":true,"href":"https:\/\/maylandie.fr\/en\/wp-json\/wp\/v2\/media\/853"}],"wp:attachment":[{"href":"https:\/\/maylandie.fr\/en\/wp-json\/wp\/v2\/media?parent=951"}],"wp:term":[{"taxonomy":"product_brand","embeddable":true,"href":"https:\/\/maylandie.fr\/en\/wp-json\/wp\/v2\/product_brand?post=951"},{"taxonomy":"product_cat","embeddable":true,"href":"https:\/\/maylandie.fr\/en\/wp-json\/wp\/v2\/product_cat?post=951"},{"taxonomy":"product_tag","embeddable":true,"href":"https:\/\/maylandie.fr\/en\/wp-json\/wp\/v2\/product_tag?post=951"}],"curies":[{"name":"wp","href":"https:\/\/api.w.org\/{rel}","templated":true}]}}