{"id":955,"date":"2024-04-15T13:53:52","date_gmt":"2024-04-15T11:53:52","guid":{"rendered":"https:\/\/maylandie.fr\/vins\/le-cabanon-rouge\/"},"modified":"2026-05-07T19:09:30","modified_gmt":"2026-05-07T17:09:30","slug":"le-cabanon-rouge","status":"publish","type":"product","link":"https:\/\/maylandie.fr\/en\/vins\/le-cabanon-rouge\/","title":{"rendered":"Le Cabanon rouge"},"content":{"rendered":"","protected":false},"excerpt":{"rendered":"<p>AOC Corbi\u00e8res red 2025 -13.5% vol.<\/p>\n<p>Until the middle of the 20th century, the cabanon was a stone shelter on the edge of a vineyard, where winegrowers used to rest at midday, store their tools, and so on.<br \/>\nand feed his horse.<\/p>\n<p>&#8220;Our red Cabanon is light and fruity and is best drunk slightly chilled as an aperitif.&#8221;<\/p>\n<p><strong>VARIETIES:<\/strong> Carignan, Cinsault<br \/>\n<strong>CHARACTERISTICS:<\/strong> Red and purplish, the color reflects the wine&#8217;s youth. It also smells young, lightly aromatic with morello cherry juice and strawberry compote, almost floral like reseda. On the palate, caramelized apple and licorice combine with a fine, tight texture. The juvenile tannins are also melting, just nervous enough to bring freshness and lead to a long finish with beautiful bitters.<br \/>\nA wine young in age and spirit that needs to be chilled a little (around 14\u00b0C) to fully appreciate its vitality. A red for everyday, no-fuss meals. (or &#8220;to the right<br \/>\nfranquette&#8221; for those who like a bit of fuss \ud83d\ude09<br \/>\n<strong>KEEPING POTENTIAL:<\/strong> 4\/5 years<\/p>\n<p><em>A 5% discount is applied to orders of 6 bottles of the same cuv\u00e9e.<br \/>\nFree delivery for orders over \u20ac200.<\/em><\/p>\n","protected":false},"featured_media":843,"template":"","meta":[],"product_brand":[],"product_cat":[30],"product_tag":[],"class_list":{"0":"post-955","1":"product","2":"type-product","3":"status-publish","4":"has-post-thumbnail","6":"product_cat-wines","8":"first","9":"instock","10":"shipping-taxable","11":"purchasable","12":"product-type-simple"},"yoast_head":"<!-- This site is optimized with the Yoast SEO plugin v26.9 - https:\/\/yoast.com\/product\/yoast-seo-wordpress\/ -->\n<title>Le Cabanon rouge - Ch\u00e2teau Maylandie, vignerons ind\u00e9pendants du sud de France au c\u0153ur des Corbi\u00e8res, sur le Terroir de Boutenac.<\/title>\n<meta name=\"description\" content=\"AOC Corbi\u00e8res red 2025 -13.5% vol.  Until the middle of the 20th century, the cabanon was a stone shelter on the edge of a vineyard, where winegrowers used to rest at midday, store their tools, and so on. and feed his horse.  &quot;Our red Cabanon is light and fruity and is best drunk slightly chilled as an aperitif.&quot;  VARIETIES: Carignan, Cinsault CHARACTERISTICS: Red and purplish, the color reflects the wine&#039;s youth. It also smells young, lightly aromatic with morello cherry juice and strawberry compote, almost floral like reseda. On the palate, caramelized apple and licorice combine with a fine, tight texture. The juvenile tannins are also melting, just nervous enough to bring freshness and lead to a long finish with beautiful bitters. A wine young in age and spirit that needs to be chilled a little (around 14\u00b0C) to fully appreciate its vitality. A red for everyday, no-fuss meals. (or &quot;to the right franquette&quot; for those who like a bit of fuss ;-) KEEPING POTENTIAL: 4\/5 years  A 5% discount is applied to orders of 6 bottles of the same cuv\u00e9e. Free delivery for orders over \u20ac200.\" \/>\n<meta name=\"robots\" content=\"index, follow, max-snippet:-1, max-image-preview:large, max-video-preview:-1\" \/>\n<link rel=\"canonical\" href=\"https:\/\/maylandie.fr\/en\/vins\/le-cabanon-rouge\/\" \/>\n<meta property=\"og:locale\" content=\"en_US\" \/>\n<meta property=\"og:type\" content=\"article\" \/>\n<meta property=\"og:title\" content=\"Le Cabanon rouge - Ch\u00e2teau Maylandie, vignerons ind\u00e9pendants du sud de France au c\u0153ur des Corbi\u00e8res, sur le Terroir de Boutenac.\" \/>\n<meta property=\"og:description\" content=\"AOC Corbi\u00e8res red 2025 -13.5% vol.  Until the middle of the 20th century, the cabanon was a stone shelter on the edge of a vineyard, where winegrowers used to rest at midday, store their tools, and so on. and feed his horse.  &quot;Our red Cabanon is light and fruity and is best drunk slightly chilled as an aperitif.&quot;  VARIETIES: Carignan, Cinsault CHARACTERISTICS: Red and purplish, the color reflects the wine&#039;s youth. It also smells young, lightly aromatic with morello cherry juice and strawberry compote, almost floral like reseda. On the palate, caramelized apple and licorice combine with a fine, tight texture. The juvenile tannins are also melting, just nervous enough to bring freshness and lead to a long finish with beautiful bitters. A wine young in age and spirit that needs to be chilled a little (around 14\u00b0C) to fully appreciate its vitality. A red for everyday, no-fuss meals. (or &quot;to the right franquette&quot; for those who like a bit of fuss ;-) KEEPING POTENTIAL: 4\/5 years  A 5% discount is applied to orders of 6 bottles of the same cuv\u00e9e. Free delivery for orders over \u20ac200.\" \/>\n<meta property=\"og:url\" content=\"https:\/\/maylandie.fr\/en\/vins\/le-cabanon-rouge\/\" \/>\n<meta property=\"og:site_name\" content=\"Ch\u00e2teau Maylandie, vignerons ind\u00e9pendants du sud de France au c\u0153ur des Corbi\u00e8res, sur le Terroir de Boutenac.\" \/>\n<meta property=\"article:publisher\" content=\"https:\/\/www.facebook.com\/chateau.maylandie\" \/>\n<meta property=\"article:modified_time\" content=\"2026-05-07T17:09:30+00:00\" \/>\n<meta property=\"og:image\" content=\"https:\/\/maylandie.fr\/wp-content\/uploads\/2024\/04\/Le-Cabanon-rouge-aoc-corbieres.jpg\" \/>\n\t<meta property=\"og:image:width\" content=\"1200\" \/>\n\t<meta property=\"og:image:height\" content=\"1200\" \/>\n\t<meta property=\"og:image:type\" content=\"image\/jpeg\" \/>\n<meta name=\"twitter:card\" content=\"summary_large_image\" \/>\n<meta name=\"twitter:label1\" content=\"Est. reading time\" \/>\n\t<meta name=\"twitter:data1\" content=\"1 minute\" \/>\n<script type=\"application\/ld+json\" class=\"yoast-schema-graph\">{\"@context\":\"https:\/\/schema.org\",\"@graph\":[{\"@type\":\"WebPage\",\"@id\":\"https:\/\/maylandie.fr\/en\/vins\/le-cabanon-rouge\/\",\"url\":\"https:\/\/maylandie.fr\/en\/vins\/le-cabanon-rouge\/\",\"name\":\"Le Cabanon rouge - Ch\u00e2teau Maylandie, vignerons ind\u00e9pendants du sud de France au c\u0153ur des Corbi\u00e8res, sur le Terroir de Boutenac.\",\"isPartOf\":{\"@id\":\"https:\/\/maylandie.fr\/en\/#website\"},\"primaryImageOfPage\":{\"@id\":\"https:\/\/maylandie.fr\/en\/vins\/le-cabanon-rouge\/#primaryimage\"},\"image\":{\"@id\":\"https:\/\/maylandie.fr\/en\/vins\/le-cabanon-rouge\/#primaryimage\"},\"thumbnailUrl\":\"https:\/\/maylandie.fr\/wp-content\/uploads\/2024\/04\/Le-Cabanon-rouge-aoc-corbieres.jpg\",\"datePublished\":\"2024-04-15T11:53:52+00:00\",\"dateModified\":\"2026-05-07T17:09:30+00:00\",\"description\":\"AOC Corbi\u00e8res red 2025 -13.5% vol. Until the middle of the 20th century, the cabanon was a stone shelter on the edge of a vineyard, where winegrowers used to rest at midday, store their tools, and so on. and feed his horse. \\\"Our red Cabanon is light and fruity and is best drunk slightly chilled as an aperitif.\\\" VARIETIES: Carignan, Cinsault CHARACTERISTICS: Red and purplish, the color reflects the wine's youth. It also smells young, lightly aromatic with morello cherry juice and strawberry compote, almost floral like reseda. On the palate, caramelized apple and licorice combine with a fine, tight texture. The juvenile tannins are also melting, just nervous enough to bring freshness and lead to a long finish with beautiful bitters. A wine young in age and spirit that needs to be chilled a little (around 14\u00b0C) to fully appreciate its vitality. A red for everyday, no-fuss meals. (or \\\"to the right franquette\\\" for those who like a bit of fuss ;-) KEEPING POTENTIAL: 4\/5 years A 5% discount is applied to orders of 6 bottles of the same cuv\u00e9e. Free delivery for orders over \u20ac200.\",\"breadcrumb\":{\"@id\":\"https:\/\/maylandie.fr\/en\/vins\/le-cabanon-rouge\/#breadcrumb\"},\"inLanguage\":\"en-US\",\"potentialAction\":[{\"@type\":\"ReadAction\",\"target\":[\"https:\/\/maylandie.fr\/en\/vins\/le-cabanon-rouge\/\"]}]},{\"@type\":\"ImageObject\",\"inLanguage\":\"en-US\",\"@id\":\"https:\/\/maylandie.fr\/en\/vins\/le-cabanon-rouge\/#primaryimage\",\"url\":\"https:\/\/maylandie.fr\/wp-content\/uploads\/2024\/04\/Le-Cabanon-rouge-aoc-corbieres.jpg\",\"contentUrl\":\"https:\/\/maylandie.fr\/wp-content\/uploads\/2024\/04\/Le-Cabanon-rouge-aoc-corbieres.jpg\",\"width\":1200,\"height\":1200},{\"@type\":\"BreadcrumbList\",\"@id\":\"https:\/\/maylandie.fr\/en\/vins\/le-cabanon-rouge\/#breadcrumb\",\"itemListElement\":[{\"@type\":\"ListItem\",\"position\":1,\"name\":\"Accueil\",\"item\":\"https:\/\/maylandie.fr\/en\/\"},{\"@type\":\"ListItem\",\"position\":2,\"name\":\"Store\",\"item\":\"https:\/\/maylandie.fr\/store\/\"},{\"@type\":\"ListItem\",\"position\":3,\"name\":\"Le Cabanon rouge\"}]},{\"@type\":\"WebSite\",\"@id\":\"https:\/\/maylandie.fr\/en\/#website\",\"url\":\"https:\/\/maylandie.fr\/en\/\",\"name\":\"Ch\u00e2teau Maylandie, vignerons ind\u00e9pendants du sud de France au c\u0153ur des Corbi\u00e8res, sur le Terroir de Boutenac.\",\"description\":\"\",\"publisher\":{\"@id\":\"https:\/\/maylandie.fr\/en\/#organization\"},\"potentialAction\":[{\"@type\":\"SearchAction\",\"target\":{\"@type\":\"EntryPoint\",\"urlTemplate\":\"https:\/\/maylandie.fr\/en\/?s={search_term_string}\"},\"query-input\":{\"@type\":\"PropertyValueSpecification\",\"valueRequired\":true,\"valueName\":\"search_term_string\"}}],\"inLanguage\":\"en-US\"},{\"@type\":\"Organization\",\"@id\":\"https:\/\/maylandie.fr\/en\/#organization\",\"name\":\"Ch\u00e2teau Maylandie, vignerons ind\u00e9pendants du sud de France au c\u0153ur des Corbi\u00e8res, sur le Terroir de Boutenac.\",\"url\":\"https:\/\/maylandie.fr\/en\/\",\"logo\":{\"@type\":\"ImageObject\",\"inLanguage\":\"en-US\",\"@id\":\"https:\/\/maylandie.fr\/en\/#\/schema\/logo\/image\/\",\"url\":\"https:\/\/maylandie.fr\/wp-content\/uploads\/2024\/04\/logo-modifie.png\",\"contentUrl\":\"https:\/\/maylandie.fr\/wp-content\/uploads\/2024\/04\/logo-modifie.png\",\"width\":600,\"height\":379,\"caption\":\"Ch\u00e2teau Maylandie, vignerons ind\u00e9pendants du sud de France au c\u0153ur des Corbi\u00e8res, sur le Terroir de Boutenac.\"},\"image\":{\"@id\":\"https:\/\/maylandie.fr\/en\/#\/schema\/logo\/image\/\"},\"sameAs\":[\"https:\/\/www.facebook.com\/chateau.maylandie\",\"https:\/\/www.instagram.com\/maylandie\/\"]}]}<\/script>\n<!-- \/ Yoast SEO plugin. -->","yoast_head_json":{"title":"Le Cabanon rouge - Ch\u00e2teau Maylandie, vignerons ind\u00e9pendants du sud de France au c\u0153ur des Corbi\u00e8res, sur le Terroir de Boutenac.","description":"AOC Corbi\u00e8res red 2025 -13.5% vol.  Until the middle of the 20th century, the cabanon was a stone shelter on the edge of a vineyard, where winegrowers used to rest at midday, store their tools, and so on. and feed his horse.  \"Our red Cabanon is light and fruity and is best drunk slightly chilled as an aperitif.\"  VARIETIES: Carignan, Cinsault CHARACTERISTICS: Red and purplish, the color reflects the wine's youth. It also smells young, lightly aromatic with morello cherry juice and strawberry compote, almost floral like reseda. On the palate, caramelized apple and licorice combine with a fine, tight texture. The juvenile tannins are also melting, just nervous enough to bring freshness and lead to a long finish with beautiful bitters. A wine young in age and spirit that needs to be chilled a little (around 14\u00b0C) to fully appreciate its vitality. A red for everyday, no-fuss meals. (or \"to the right franquette\" for those who like a bit of fuss ;-) KEEPING POTENTIAL: 4\/5 years  A 5% discount is applied to orders of 6 bottles of the same cuv\u00e9e. Free delivery for orders over \u20ac200.","robots":{"index":"index","follow":"follow","max-snippet":"max-snippet:-1","max-image-preview":"max-image-preview:large","max-video-preview":"max-video-preview:-1"},"canonical":"https:\/\/maylandie.fr\/en\/vins\/le-cabanon-rouge\/","og_locale":"en_US","og_type":"article","og_title":"Le Cabanon rouge - Ch\u00e2teau Maylandie, vignerons ind\u00e9pendants du sud de France au c\u0153ur des Corbi\u00e8res, sur le Terroir de Boutenac.","og_description":"AOC Corbi\u00e8res red 2025 -13.5% vol.  Until the middle of the 20th century, the cabanon was a stone shelter on the edge of a vineyard, where winegrowers used to rest at midday, store their tools, and so on. and feed his horse.  \"Our red Cabanon is light and fruity and is best drunk slightly chilled as an aperitif.\"  VARIETIES: Carignan, Cinsault CHARACTERISTICS: Red and purplish, the color reflects the wine's youth. It also smells young, lightly aromatic with morello cherry juice and strawberry compote, almost floral like reseda. On the palate, caramelized apple and licorice combine with a fine, tight texture. The juvenile tannins are also melting, just nervous enough to bring freshness and lead to a long finish with beautiful bitters. A wine young in age and spirit that needs to be chilled a little (around 14\u00b0C) to fully appreciate its vitality. A red for everyday, no-fuss meals. (or \"to the right franquette\" for those who like a bit of fuss ;-) KEEPING POTENTIAL: 4\/5 years  A 5% discount is applied to orders of 6 bottles of the same cuv\u00e9e. Free delivery for orders over \u20ac200.","og_url":"https:\/\/maylandie.fr\/en\/vins\/le-cabanon-rouge\/","og_site_name":"Ch\u00e2teau Maylandie, vignerons ind\u00e9pendants du sud de France au c\u0153ur des Corbi\u00e8res, sur le Terroir de Boutenac.","article_publisher":"https:\/\/www.facebook.com\/chateau.maylandie","article_modified_time":"2026-05-07T17:09:30+00:00","og_image":[{"width":1200,"height":1200,"url":"https:\/\/maylandie.fr\/wp-content\/uploads\/2024\/04\/Le-Cabanon-rouge-aoc-corbieres.jpg","type":"image\/jpeg"}],"twitter_card":"summary_large_image","twitter_misc":{"Est. reading time":"1 minute"},"schema":{"@context":"https:\/\/schema.org","@graph":[{"@type":"WebPage","@id":"https:\/\/maylandie.fr\/en\/vins\/le-cabanon-rouge\/","url":"https:\/\/maylandie.fr\/en\/vins\/le-cabanon-rouge\/","name":"Le Cabanon rouge - Ch\u00e2teau Maylandie, vignerons ind\u00e9pendants du sud de France au c\u0153ur des Corbi\u00e8res, sur le Terroir de Boutenac.","isPartOf":{"@id":"https:\/\/maylandie.fr\/en\/#website"},"primaryImageOfPage":{"@id":"https:\/\/maylandie.fr\/en\/vins\/le-cabanon-rouge\/#primaryimage"},"image":{"@id":"https:\/\/maylandie.fr\/en\/vins\/le-cabanon-rouge\/#primaryimage"},"thumbnailUrl":"https:\/\/maylandie.fr\/wp-content\/uploads\/2024\/04\/Le-Cabanon-rouge-aoc-corbieres.jpg","datePublished":"2024-04-15T11:53:52+00:00","dateModified":"2026-05-07T17:09:30+00:00","description":"AOC Corbi\u00e8res red 2025 -13.5% vol. Until the middle of the 20th century, the cabanon was a stone shelter on the edge of a vineyard, where winegrowers used to rest at midday, store their tools, and so on. and feed his horse. \"Our red Cabanon is light and fruity and is best drunk slightly chilled as an aperitif.\" VARIETIES: Carignan, Cinsault CHARACTERISTICS: Red and purplish, the color reflects the wine's youth. It also smells young, lightly aromatic with morello cherry juice and strawberry compote, almost floral like reseda. On the palate, caramelized apple and licorice combine with a fine, tight texture. The juvenile tannins are also melting, just nervous enough to bring freshness and lead to a long finish with beautiful bitters. A wine young in age and spirit that needs to be chilled a little (around 14\u00b0C) to fully appreciate its vitality. A red for everyday, no-fuss meals. (or \"to the right franquette\" for those who like a bit of fuss ;-) KEEPING POTENTIAL: 4\/5 years A 5% discount is applied to orders of 6 bottles of the same cuv\u00e9e. Free delivery for orders over \u20ac200.","breadcrumb":{"@id":"https:\/\/maylandie.fr\/en\/vins\/le-cabanon-rouge\/#breadcrumb"},"inLanguage":"en-US","potentialAction":[{"@type":"ReadAction","target":["https:\/\/maylandie.fr\/en\/vins\/le-cabanon-rouge\/"]}]},{"@type":"ImageObject","inLanguage":"en-US","@id":"https:\/\/maylandie.fr\/en\/vins\/le-cabanon-rouge\/#primaryimage","url":"https:\/\/maylandie.fr\/wp-content\/uploads\/2024\/04\/Le-Cabanon-rouge-aoc-corbieres.jpg","contentUrl":"https:\/\/maylandie.fr\/wp-content\/uploads\/2024\/04\/Le-Cabanon-rouge-aoc-corbieres.jpg","width":1200,"height":1200},{"@type":"BreadcrumbList","@id":"https:\/\/maylandie.fr\/en\/vins\/le-cabanon-rouge\/#breadcrumb","itemListElement":[{"@type":"ListItem","position":1,"name":"Accueil","item":"https:\/\/maylandie.fr\/en\/"},{"@type":"ListItem","position":2,"name":"Store","item":"https:\/\/maylandie.fr\/store\/"},{"@type":"ListItem","position":3,"name":"Le Cabanon rouge"}]},{"@type":"WebSite","@id":"https:\/\/maylandie.fr\/en\/#website","url":"https:\/\/maylandie.fr\/en\/","name":"Ch\u00e2teau Maylandie, vignerons ind\u00e9pendants du sud de France au c\u0153ur des Corbi\u00e8res, sur le Terroir de Boutenac.","description":"","publisher":{"@id":"https:\/\/maylandie.fr\/en\/#organization"},"potentialAction":[{"@type":"SearchAction","target":{"@type":"EntryPoint","urlTemplate":"https:\/\/maylandie.fr\/en\/?s={search_term_string}"},"query-input":{"@type":"PropertyValueSpecification","valueRequired":true,"valueName":"search_term_string"}}],"inLanguage":"en-US"},{"@type":"Organization","@id":"https:\/\/maylandie.fr\/en\/#organization","name":"Ch\u00e2teau Maylandie, vignerons ind\u00e9pendants du sud de France au c\u0153ur des Corbi\u00e8res, sur le Terroir de Boutenac.","url":"https:\/\/maylandie.fr\/en\/","logo":{"@type":"ImageObject","inLanguage":"en-US","@id":"https:\/\/maylandie.fr\/en\/#\/schema\/logo\/image\/","url":"https:\/\/maylandie.fr\/wp-content\/uploads\/2024\/04\/logo-modifie.png","contentUrl":"https:\/\/maylandie.fr\/wp-content\/uploads\/2024\/04\/logo-modifie.png","width":600,"height":379,"caption":"Ch\u00e2teau Maylandie, vignerons ind\u00e9pendants du sud de France au c\u0153ur des Corbi\u00e8res, sur le Terroir de Boutenac."},"image":{"@id":"https:\/\/maylandie.fr\/en\/#\/schema\/logo\/image\/"},"sameAs":["https:\/\/www.facebook.com\/chateau.maylandie","https:\/\/www.instagram.com\/maylandie\/"]}]}},"_links":{"self":[{"href":"https:\/\/maylandie.fr\/en\/wp-json\/wp\/v2\/product\/955","targetHints":{"allow":["GET"]}}],"collection":[{"href":"https:\/\/maylandie.fr\/en\/wp-json\/wp\/v2\/product"}],"about":[{"href":"https:\/\/maylandie.fr\/en\/wp-json\/wp\/v2\/types\/product"}],"wp:featuredmedia":[{"embeddable":true,"href":"https:\/\/maylandie.fr\/en\/wp-json\/wp\/v2\/media\/843"}],"wp:attachment":[{"href":"https:\/\/maylandie.fr\/en\/wp-json\/wp\/v2\/media?parent=955"}],"wp:term":[{"taxonomy":"product_brand","embeddable":true,"href":"https:\/\/maylandie.fr\/en\/wp-json\/wp\/v2\/product_brand?post=955"},{"taxonomy":"product_cat","embeddable":true,"href":"https:\/\/maylandie.fr\/en\/wp-json\/wp\/v2\/product_cat?post=955"},{"taxonomy":"product_tag","embeddable":true,"href":"https:\/\/maylandie.fr\/en\/wp-json\/wp\/v2\/product_tag?post=955"}],"curies":[{"name":"wp","href":"https:\/\/api.w.org\/{rel}","templated":true}]}}