{"id":956,"date":"2024-04-15T14:39:29","date_gmt":"2024-04-15T12:39:29","guid":{"rendered":"https:\/\/maylandie.fr\/vins\/petacs\/"},"modified":"2026-05-07T19:15:35","modified_gmt":"2026-05-07T17:15:35","slug":"petacs","status":"publish","type":"product","link":"https:\/\/maylandie.fr\/en\/vins\/petacs\/","title":{"rendered":"Peta\u00e7s"},"content":{"rendered":"","protected":false},"excerpt":{"rendered":"<p>A.O.C. Corbi\u00e8res 2024 &#8211; 14.5% vol.<\/p>\n<p>Peta\u00e7 : masculine name of Occitan origin designating a yoke, a piece&#8230;<\/p>\n<p>By extension, in Corbi\u00e8res dialect, peta\u00e7s refer to small plots of vines scattered here and there and not producing much. For us, these little plots are above all little pieces of our stories. Remnants of the families that came before us. Or friends whose vines have remained. This cuv\u00e9e, made from the old grenaches and carignans of these peta\u00e7s, is dedicated to them.<\/p>\n<p><strong>VARIETIES:<\/strong> Old Grenache &#8211; Old Carignan<br \/>\n<strong>CHARACTERISTICS:<\/strong> Its light red color perfectly reveals the Grenache grape in its Corbi\u00e8res soil. The nose is rich with juicy fruit, between strawberry and raspberry, redcurrant and cherry, it&#8217;s joyful.<br \/>\nA note of violets for the Syrah with a touch of tapenade and black pepper. Just as present on the nose as on the palate, the fruit melts into the fine tannins, leaving a mineral framework with a hint of<br \/>\nfresh, long-lasting sage bitterness.<br \/>\nA wine to accompany grilled meat with the spices of the garrigue, but also surprising with vegetables such as baked eggplant or onion fondue with juniper.<br \/>\n<strong>KEEPING POTENTIAL:<\/strong> 6\/8 years<\/p>\n<p><em>A 5% discount is applied to orders of 6 bottles of the same cuv\u00e9e.<br \/>\nFree delivery for orders over \u20ac200.<\/em><\/p>\n","protected":false},"featured_media":852,"template":"","meta":[],"product_brand":[],"product_cat":[30],"product_tag":[],"class_list":{"0":"post-956","1":"product","2":"type-product","3":"status-publish","4":"has-post-thumbnail","6":"product_cat-wines","8":"first","9":"instock","10":"shipping-taxable","11":"purchasable","12":"product-type-simple"},"yoast_head":"<!-- This site is optimized with the Yoast SEO plugin v26.9 - https:\/\/yoast.com\/product\/yoast-seo-wordpress\/ -->\n<title>Peta\u00e7s - Ch\u00e2teau Maylandie, vignerons ind\u00e9pendants du sud de France au c\u0153ur des Corbi\u00e8res, sur le Terroir de Boutenac.<\/title>\n<meta name=\"description\" content=\"A.O.C. Corbi\u00e8res 2024 - 14.5% vol.  Peta\u00e7 : masculine name of Occitan origin designating a yoke, a piece...  By extension, in Corbi\u00e8res dialect, peta\u00e7s refer to small plots of vines scattered here and there and not producing much. For us, these little plots are above all little pieces of our stories. Remnants of the families that came before us. Or friends whose vines have remained. This cuv\u00e9e, made from the old grenaches and carignans of these peta\u00e7s, is dedicated to them.  VARIETIES: Old Grenache - Old Carignan CHARACTERISTICS: Its light red color perfectly reveals the Grenache grape in its Corbi\u00e8res soil. The nose is rich with juicy fruit, between strawberry and raspberry, redcurrant and cherry, it&#039;s joyful. A note of violets for the Syrah with a touch of tapenade and black pepper. Just as present on the nose as on the palate, the fruit melts into the fine tannins, leaving a mineral framework with a hint of fresh, long-lasting sage bitterness. A wine to accompany grilled meat with the spices of the garrigue, but also surprising with vegetables such as baked eggplant or onion fondue with juniper. KEEPING POTENTIAL: 6\/8 years  A 5% discount is applied to orders of 6 bottles of the same cuv\u00e9e. Free delivery for orders over \u20ac200.\" \/>\n<meta name=\"robots\" content=\"index, follow, max-snippet:-1, max-image-preview:large, max-video-preview:-1\" \/>\n<link rel=\"canonical\" href=\"https:\/\/maylandie.fr\/en\/vins\/petacs\/\" \/>\n<meta property=\"og:locale\" content=\"en_US\" \/>\n<meta property=\"og:type\" content=\"article\" \/>\n<meta property=\"og:title\" content=\"Peta\u00e7s - Ch\u00e2teau Maylandie, vignerons ind\u00e9pendants du sud de France au c\u0153ur des Corbi\u00e8res, sur le Terroir de Boutenac.\" \/>\n<meta property=\"og:description\" content=\"A.O.C. Corbi\u00e8res 2024 - 14.5% vol.  Peta\u00e7 : masculine name of Occitan origin designating a yoke, a piece...  By extension, in Corbi\u00e8res dialect, peta\u00e7s refer to small plots of vines scattered here and there and not producing much. For us, these little plots are above all little pieces of our stories. Remnants of the families that came before us. Or friends whose vines have remained. This cuv\u00e9e, made from the old grenaches and carignans of these peta\u00e7s, is dedicated to them.  VARIETIES: Old Grenache - Old Carignan CHARACTERISTICS: Its light red color perfectly reveals the Grenache grape in its Corbi\u00e8res soil. The nose is rich with juicy fruit, between strawberry and raspberry, redcurrant and cherry, it&#039;s joyful. A note of violets for the Syrah with a touch of tapenade and black pepper. Just as present on the nose as on the palate, the fruit melts into the fine tannins, leaving a mineral framework with a hint of fresh, long-lasting sage bitterness. A wine to accompany grilled meat with the spices of the garrigue, but also surprising with vegetables such as baked eggplant or onion fondue with juniper. KEEPING POTENTIAL: 6\/8 years  A 5% discount is applied to orders of 6 bottles of the same cuv\u00e9e. Free delivery for orders over \u20ac200.\" \/>\n<meta property=\"og:url\" content=\"https:\/\/maylandie.fr\/en\/vins\/petacs\/\" \/>\n<meta property=\"og:site_name\" content=\"Ch\u00e2teau Maylandie, vignerons ind\u00e9pendants du sud de France au c\u0153ur des Corbi\u00e8res, sur le Terroir de Boutenac.\" \/>\n<meta property=\"article:publisher\" content=\"https:\/\/www.facebook.com\/chateau.maylandie\" \/>\n<meta property=\"article:modified_time\" content=\"2026-05-07T17:15:35+00:00\" \/>\n<meta property=\"og:image\" content=\"https:\/\/maylandie.fr\/wp-content\/uploads\/2024\/04\/petacs-rouge-aoc-corbieres.jpg\" \/>\n\t<meta property=\"og:image:width\" content=\"1200\" \/>\n\t<meta property=\"og:image:height\" content=\"1200\" \/>\n\t<meta property=\"og:image:type\" content=\"image\/jpeg\" \/>\n<meta name=\"twitter:card\" content=\"summary_large_image\" \/>\n<meta name=\"twitter:label1\" content=\"Est. reading time\" \/>\n\t<meta name=\"twitter:data1\" content=\"1 minute\" \/>\n<script type=\"application\/ld+json\" class=\"yoast-schema-graph\">{\"@context\":\"https:\/\/schema.org\",\"@graph\":[{\"@type\":\"WebPage\",\"@id\":\"https:\/\/maylandie.fr\/en\/vins\/petacs\/\",\"url\":\"https:\/\/maylandie.fr\/en\/vins\/petacs\/\",\"name\":\"Peta\u00e7s - Ch\u00e2teau Maylandie, vignerons ind\u00e9pendants du sud de France au c\u0153ur des Corbi\u00e8res, sur le Terroir de Boutenac.\",\"isPartOf\":{\"@id\":\"https:\/\/maylandie.fr\/en\/#website\"},\"primaryImageOfPage\":{\"@id\":\"https:\/\/maylandie.fr\/en\/vins\/petacs\/#primaryimage\"},\"image\":{\"@id\":\"https:\/\/maylandie.fr\/en\/vins\/petacs\/#primaryimage\"},\"thumbnailUrl\":\"https:\/\/maylandie.fr\/wp-content\/uploads\/2024\/04\/petacs-rouge-aoc-corbieres.jpg\",\"datePublished\":\"2024-04-15T12:39:29+00:00\",\"dateModified\":\"2026-05-07T17:15:35+00:00\",\"description\":\"A.O.C. Corbi\u00e8res 2024 - 14.5% vol. Peta\u00e7 : masculine name of Occitan origin designating a yoke, a piece... By extension, in Corbi\u00e8res dialect, peta\u00e7s refer to small plots of vines scattered here and there and not producing much. For us, these little plots are above all little pieces of our stories. Remnants of the families that came before us. Or friends whose vines have remained. This cuv\u00e9e, made from the old grenaches and carignans of these peta\u00e7s, is dedicated to them. VARIETIES: Old Grenache - Old Carignan CHARACTERISTICS: Its light red color perfectly reveals the Grenache grape in its Corbi\u00e8res soil. The nose is rich with juicy fruit, between strawberry and raspberry, redcurrant and cherry, it's joyful. A note of violets for the Syrah with a touch of tapenade and black pepper. Just as present on the nose as on the palate, the fruit melts into the fine tannins, leaving a mineral framework with a hint of fresh, long-lasting sage bitterness. A wine to accompany grilled meat with the spices of the garrigue, but also surprising with vegetables such as baked eggplant or onion fondue with juniper. KEEPING POTENTIAL: 6\/8 years A 5% discount is applied to orders of 6 bottles of the same cuv\u00e9e. Free delivery for orders over \u20ac200.\",\"breadcrumb\":{\"@id\":\"https:\/\/maylandie.fr\/en\/vins\/petacs\/#breadcrumb\"},\"inLanguage\":\"en-US\",\"potentialAction\":[{\"@type\":\"ReadAction\",\"target\":[\"https:\/\/maylandie.fr\/en\/vins\/petacs\/\"]}]},{\"@type\":\"ImageObject\",\"inLanguage\":\"en-US\",\"@id\":\"https:\/\/maylandie.fr\/en\/vins\/petacs\/#primaryimage\",\"url\":\"https:\/\/maylandie.fr\/wp-content\/uploads\/2024\/04\/petacs-rouge-aoc-corbieres.jpg\",\"contentUrl\":\"https:\/\/maylandie.fr\/wp-content\/uploads\/2024\/04\/petacs-rouge-aoc-corbieres.jpg\",\"width\":1200,\"height\":1200},{\"@type\":\"BreadcrumbList\",\"@id\":\"https:\/\/maylandie.fr\/en\/vins\/petacs\/#breadcrumb\",\"itemListElement\":[{\"@type\":\"ListItem\",\"position\":1,\"name\":\"Accueil\",\"item\":\"https:\/\/maylandie.fr\/en\/\"},{\"@type\":\"ListItem\",\"position\":2,\"name\":\"Store\",\"item\":\"https:\/\/maylandie.fr\/store\/\"},{\"@type\":\"ListItem\",\"position\":3,\"name\":\"Peta\u00e7s\"}]},{\"@type\":\"WebSite\",\"@id\":\"https:\/\/maylandie.fr\/en\/#website\",\"url\":\"https:\/\/maylandie.fr\/en\/\",\"name\":\"Ch\u00e2teau Maylandie, vignerons ind\u00e9pendants du sud de France au c\u0153ur des Corbi\u00e8res, sur le Terroir de Boutenac.\",\"description\":\"\",\"publisher\":{\"@id\":\"https:\/\/maylandie.fr\/en\/#organization\"},\"potentialAction\":[{\"@type\":\"SearchAction\",\"target\":{\"@type\":\"EntryPoint\",\"urlTemplate\":\"https:\/\/maylandie.fr\/en\/?s={search_term_string}\"},\"query-input\":{\"@type\":\"PropertyValueSpecification\",\"valueRequired\":true,\"valueName\":\"search_term_string\"}}],\"inLanguage\":\"en-US\"},{\"@type\":\"Organization\",\"@id\":\"https:\/\/maylandie.fr\/en\/#organization\",\"name\":\"Ch\u00e2teau Maylandie, vignerons ind\u00e9pendants du sud de France au c\u0153ur des Corbi\u00e8res, sur le Terroir de Boutenac.\",\"url\":\"https:\/\/maylandie.fr\/en\/\",\"logo\":{\"@type\":\"ImageObject\",\"inLanguage\":\"en-US\",\"@id\":\"https:\/\/maylandie.fr\/en\/#\/schema\/logo\/image\/\",\"url\":\"https:\/\/maylandie.fr\/wp-content\/uploads\/2024\/04\/logo-modifie.png\",\"contentUrl\":\"https:\/\/maylandie.fr\/wp-content\/uploads\/2024\/04\/logo-modifie.png\",\"width\":600,\"height\":379,\"caption\":\"Ch\u00e2teau Maylandie, vignerons ind\u00e9pendants du sud de France au c\u0153ur des Corbi\u00e8res, sur le Terroir de Boutenac.\"},\"image\":{\"@id\":\"https:\/\/maylandie.fr\/en\/#\/schema\/logo\/image\/\"},\"sameAs\":[\"https:\/\/www.facebook.com\/chateau.maylandie\",\"https:\/\/www.instagram.com\/maylandie\/\"]}]}<\/script>\n<!-- \/ Yoast SEO plugin. -->","yoast_head_json":{"title":"Peta\u00e7s - Ch\u00e2teau Maylandie, vignerons ind\u00e9pendants du sud de France au c\u0153ur des Corbi\u00e8res, sur le Terroir de Boutenac.","description":"A.O.C. Corbi\u00e8res 2024 - 14.5% vol.  Peta\u00e7 : masculine name of Occitan origin designating a yoke, a piece...  By extension, in Corbi\u00e8res dialect, peta\u00e7s refer to small plots of vines scattered here and there and not producing much. For us, these little plots are above all little pieces of our stories. Remnants of the families that came before us. Or friends whose vines have remained. This cuv\u00e9e, made from the old grenaches and carignans of these peta\u00e7s, is dedicated to them.  VARIETIES: Old Grenache - Old Carignan CHARACTERISTICS: Its light red color perfectly reveals the Grenache grape in its Corbi\u00e8res soil. The nose is rich with juicy fruit, between strawberry and raspberry, redcurrant and cherry, it's joyful. A note of violets for the Syrah with a touch of tapenade and black pepper. Just as present on the nose as on the palate, the fruit melts into the fine tannins, leaving a mineral framework with a hint of fresh, long-lasting sage bitterness. A wine to accompany grilled meat with the spices of the garrigue, but also surprising with vegetables such as baked eggplant or onion fondue with juniper. KEEPING POTENTIAL: 6\/8 years  A 5% discount is applied to orders of 6 bottles of the same cuv\u00e9e. Free delivery for orders over \u20ac200.","robots":{"index":"index","follow":"follow","max-snippet":"max-snippet:-1","max-image-preview":"max-image-preview:large","max-video-preview":"max-video-preview:-1"},"canonical":"https:\/\/maylandie.fr\/en\/vins\/petacs\/","og_locale":"en_US","og_type":"article","og_title":"Peta\u00e7s - Ch\u00e2teau Maylandie, vignerons ind\u00e9pendants du sud de France au c\u0153ur des Corbi\u00e8res, sur le Terroir de Boutenac.","og_description":"A.O.C. Corbi\u00e8res 2024 - 14.5% vol.  Peta\u00e7 : masculine name of Occitan origin designating a yoke, a piece...  By extension, in Corbi\u00e8res dialect, peta\u00e7s refer to small plots of vines scattered here and there and not producing much. For us, these little plots are above all little pieces of our stories. Remnants of the families that came before us. Or friends whose vines have remained. This cuv\u00e9e, made from the old grenaches and carignans of these peta\u00e7s, is dedicated to them.  VARIETIES: Old Grenache - Old Carignan CHARACTERISTICS: Its light red color perfectly reveals the Grenache grape in its Corbi\u00e8res soil. The nose is rich with juicy fruit, between strawberry and raspberry, redcurrant and cherry, it's joyful. A note of violets for the Syrah with a touch of tapenade and black pepper. Just as present on the nose as on the palate, the fruit melts into the fine tannins, leaving a mineral framework with a hint of fresh, long-lasting sage bitterness. A wine to accompany grilled meat with the spices of the garrigue, but also surprising with vegetables such as baked eggplant or onion fondue with juniper. KEEPING POTENTIAL: 6\/8 years  A 5% discount is applied to orders of 6 bottles of the same cuv\u00e9e. Free delivery for orders over \u20ac200.","og_url":"https:\/\/maylandie.fr\/en\/vins\/petacs\/","og_site_name":"Ch\u00e2teau Maylandie, vignerons ind\u00e9pendants du sud de France au c\u0153ur des Corbi\u00e8res, sur le Terroir de Boutenac.","article_publisher":"https:\/\/www.facebook.com\/chateau.maylandie","article_modified_time":"2026-05-07T17:15:35+00:00","og_image":[{"width":1200,"height":1200,"url":"https:\/\/maylandie.fr\/wp-content\/uploads\/2024\/04\/petacs-rouge-aoc-corbieres.jpg","type":"image\/jpeg"}],"twitter_card":"summary_large_image","twitter_misc":{"Est. reading time":"1 minute"},"schema":{"@context":"https:\/\/schema.org","@graph":[{"@type":"WebPage","@id":"https:\/\/maylandie.fr\/en\/vins\/petacs\/","url":"https:\/\/maylandie.fr\/en\/vins\/petacs\/","name":"Peta\u00e7s - Ch\u00e2teau Maylandie, vignerons ind\u00e9pendants du sud de France au c\u0153ur des Corbi\u00e8res, sur le Terroir de Boutenac.","isPartOf":{"@id":"https:\/\/maylandie.fr\/en\/#website"},"primaryImageOfPage":{"@id":"https:\/\/maylandie.fr\/en\/vins\/petacs\/#primaryimage"},"image":{"@id":"https:\/\/maylandie.fr\/en\/vins\/petacs\/#primaryimage"},"thumbnailUrl":"https:\/\/maylandie.fr\/wp-content\/uploads\/2024\/04\/petacs-rouge-aoc-corbieres.jpg","datePublished":"2024-04-15T12:39:29+00:00","dateModified":"2026-05-07T17:15:35+00:00","description":"A.O.C. Corbi\u00e8res 2024 - 14.5% vol. Peta\u00e7 : masculine name of Occitan origin designating a yoke, a piece... By extension, in Corbi\u00e8res dialect, peta\u00e7s refer to small plots of vines scattered here and there and not producing much. For us, these little plots are above all little pieces of our stories. Remnants of the families that came before us. Or friends whose vines have remained. This cuv\u00e9e, made from the old grenaches and carignans of these peta\u00e7s, is dedicated to them. VARIETIES: Old Grenache - Old Carignan CHARACTERISTICS: Its light red color perfectly reveals the Grenache grape in its Corbi\u00e8res soil. The nose is rich with juicy fruit, between strawberry and raspberry, redcurrant and cherry, it's joyful. A note of violets for the Syrah with a touch of tapenade and black pepper. Just as present on the nose as on the palate, the fruit melts into the fine tannins, leaving a mineral framework with a hint of fresh, long-lasting sage bitterness. A wine to accompany grilled meat with the spices of the garrigue, but also surprising with vegetables such as baked eggplant or onion fondue with juniper. KEEPING POTENTIAL: 6\/8 years A 5% discount is applied to orders of 6 bottles of the same cuv\u00e9e. Free delivery for orders over \u20ac200.","breadcrumb":{"@id":"https:\/\/maylandie.fr\/en\/vins\/petacs\/#breadcrumb"},"inLanguage":"en-US","potentialAction":[{"@type":"ReadAction","target":["https:\/\/maylandie.fr\/en\/vins\/petacs\/"]}]},{"@type":"ImageObject","inLanguage":"en-US","@id":"https:\/\/maylandie.fr\/en\/vins\/petacs\/#primaryimage","url":"https:\/\/maylandie.fr\/wp-content\/uploads\/2024\/04\/petacs-rouge-aoc-corbieres.jpg","contentUrl":"https:\/\/maylandie.fr\/wp-content\/uploads\/2024\/04\/petacs-rouge-aoc-corbieres.jpg","width":1200,"height":1200},{"@type":"BreadcrumbList","@id":"https:\/\/maylandie.fr\/en\/vins\/petacs\/#breadcrumb","itemListElement":[{"@type":"ListItem","position":1,"name":"Accueil","item":"https:\/\/maylandie.fr\/en\/"},{"@type":"ListItem","position":2,"name":"Store","item":"https:\/\/maylandie.fr\/store\/"},{"@type":"ListItem","position":3,"name":"Peta\u00e7s"}]},{"@type":"WebSite","@id":"https:\/\/maylandie.fr\/en\/#website","url":"https:\/\/maylandie.fr\/en\/","name":"Ch\u00e2teau Maylandie, vignerons ind\u00e9pendants du sud de France au c\u0153ur des Corbi\u00e8res, sur le Terroir de Boutenac.","description":"","publisher":{"@id":"https:\/\/maylandie.fr\/en\/#organization"},"potentialAction":[{"@type":"SearchAction","target":{"@type":"EntryPoint","urlTemplate":"https:\/\/maylandie.fr\/en\/?s={search_term_string}"},"query-input":{"@type":"PropertyValueSpecification","valueRequired":true,"valueName":"search_term_string"}}],"inLanguage":"en-US"},{"@type":"Organization","@id":"https:\/\/maylandie.fr\/en\/#organization","name":"Ch\u00e2teau Maylandie, vignerons ind\u00e9pendants du sud de France au c\u0153ur des Corbi\u00e8res, sur le Terroir de Boutenac.","url":"https:\/\/maylandie.fr\/en\/","logo":{"@type":"ImageObject","inLanguage":"en-US","@id":"https:\/\/maylandie.fr\/en\/#\/schema\/logo\/image\/","url":"https:\/\/maylandie.fr\/wp-content\/uploads\/2024\/04\/logo-modifie.png","contentUrl":"https:\/\/maylandie.fr\/wp-content\/uploads\/2024\/04\/logo-modifie.png","width":600,"height":379,"caption":"Ch\u00e2teau Maylandie, vignerons ind\u00e9pendants du sud de France au c\u0153ur des Corbi\u00e8res, sur le Terroir de Boutenac."},"image":{"@id":"https:\/\/maylandie.fr\/en\/#\/schema\/logo\/image\/"},"sameAs":["https:\/\/www.facebook.com\/chateau.maylandie","https:\/\/www.instagram.com\/maylandie\/"]}]}},"_links":{"self":[{"href":"https:\/\/maylandie.fr\/en\/wp-json\/wp\/v2\/product\/956","targetHints":{"allow":["GET"]}}],"collection":[{"href":"https:\/\/maylandie.fr\/en\/wp-json\/wp\/v2\/product"}],"about":[{"href":"https:\/\/maylandie.fr\/en\/wp-json\/wp\/v2\/types\/product"}],"wp:featuredmedia":[{"embeddable":true,"href":"https:\/\/maylandie.fr\/en\/wp-json\/wp\/v2\/media\/852"}],"wp:attachment":[{"href":"https:\/\/maylandie.fr\/en\/wp-json\/wp\/v2\/media?parent=956"}],"wp:term":[{"taxonomy":"product_brand","embeddable":true,"href":"https:\/\/maylandie.fr\/en\/wp-json\/wp\/v2\/product_brand?post=956"},{"taxonomy":"product_cat","embeddable":true,"href":"https:\/\/maylandie.fr\/en\/wp-json\/wp\/v2\/product_cat?post=956"},{"taxonomy":"product_tag","embeddable":true,"href":"https:\/\/maylandie.fr\/en\/wp-json\/wp\/v2\/product_tag?post=956"}],"curies":[{"name":"wp","href":"https:\/\/api.w.org\/{rel}","templated":true}]}}