{"id":959,"date":"2024-04-15T13:38:58","date_gmt":"2024-04-15T11:38:58","guid":{"rendered":"https:\/\/maylandie.fr\/vins\/le-cabanon-rose\/"},"modified":"2026-05-07T19:07:37","modified_gmt":"2026-05-07T17:07:37","slug":"le-cabanon-rose","status":"publish","type":"product","link":"https:\/\/maylandie.fr\/en\/vins\/le-cabanon-rose\/","title":{"rendered":"Le Cabanon ros\u00e9"},"content":{"rendered":"","protected":false},"excerpt":{"rendered":"<p>AOC Corbi\u00e8res 2025 &#8211; 13% vol.<\/p>\n<p><strong>Silver medal at Concours G\u00e9n\u00e9ral Agricole de Paris 2026<\/strong><\/p>\n<p>4 GOLD medals at the Concours G\u00e9n\u00e9ral Agricole de Paris, Concours des Vignerons Ind\u00e9pendants de France, Concours mondial des F\u00e9minalise and Concours des Grands Vins de France de M\u00e2con<br \/>\n1 star Guide Hachette des Vins 2024.<\/p>\n<p>The cabanon is a stone shelter located at the edge of a vineyard in which, until the middle of the 20th century, the winegrower used to rest at midday and store his tools.<br \/>\nand feed his horse.<\/p>\n<p><em><strong>&#8220;Our ros\u00e9 is light and fruity, one of the estate&#8217;s flagship cuv\u00e9es.&#8221;<\/strong><\/em><\/p>\n<p><strong>GRAPE VARIETIES:<\/strong> Grenache, Cinsault, Syrah, Mourv\u00e8dre<br \/>\n<strong>CHARACTERISTICS:<\/strong> a medium-bodied ros\u00e9 with a brilliant salmon sheen.<br \/>\nYou can recognize ros\u00e9 from the South with its fresh notes of garrigue and the richness of stewed red fruit, dominated by raspberry and strawberry. The palate is full of tenderness, the fruit is young and fresh.<br \/>\nmelt-in-your-mouth, with a joyful touch of candy apple, a kind of melted sugar on a felted background. It&#8217;s lively and joyful. A vacation drink to be served all year round. It goes well with summer salads and savory tarts, and excels as an aperitif or with hard cheeses.<br \/>\n<strong>GUARDING POTENTIAL:<\/strong> 2 years<\/p>\n<p><strong>DISTINCTIONS :<\/strong><br \/>\nRos\u00e9 2022: 1 star Guide Hachette des Vins 2024 + 4 GOLD medals at CGA, Grands Vins de M\u00e2con, Vignerons Ind\u00e9pendants competitions&#8230;<br \/>\nRos\u00e9 2021: 2 stars and Coup de C\u0153ur Guide Hachette des Vins 2023<br \/>\nRos\u00e9 2020 : SILVER Concours des Grands Vins de Corbi\u00e8res<br \/>\nRos\u00e9 2019: Coup de C\u0153ur Guide Hachette des Vins 2021<br \/>\nRos\u00e9 2018: 1 star in the Guide Hachette des Vins 2020, SILVER in the Guide Hachette des Vins 2020.<br \/>\nConcours G\u00e9n\u00e9ral Agricole de Paris<br \/>\nRos\u00e9 2017: SILVER at the Concours Mondial des Feminalise, SILVER at the<br \/>\nMondial des Ros\u00e9s, Guide Hachette des Vins<\/p>\n<p><em>A 5% discount is applied to orders of 6 bottles of the same cuv\u00e9e.<br \/>\nFree delivery for orders over \u20ac200.<\/em><\/p>\n","protected":false},"featured_media":842,"template":"","meta":[],"product_brand":[],"product_cat":[30],"product_tag":[],"class_list":{"0":"post-959","1":"product","2":"type-product","3":"status-publish","4":"has-post-thumbnail","6":"product_cat-wines","8":"first","9":"instock","10":"shipping-taxable","11":"purchasable","12":"product-type-simple"},"yoast_head":"<!-- This site is optimized with the Yoast SEO plugin v26.9 - https:\/\/yoast.com\/product\/yoast-seo-wordpress\/ -->\n<title>Le Cabanon ros\u00e9 - Ch\u00e2teau Maylandie, vignerons ind\u00e9pendants du sud de France au c\u0153ur des Corbi\u00e8res, sur le Terroir de Boutenac.<\/title>\n<meta name=\"description\" content=\"AOC Corbi\u00e8res 2025 - 13% vol.  Silver medal at Concours G\u00e9n\u00e9ral Agricole de Paris 2026  4 GOLD medals at the Concours G\u00e9n\u00e9ral Agricole de Paris, Concours des Vignerons Ind\u00e9pendants de France, Concours mondial des F\u00e9minalise and Concours des Grands Vins de France de M\u00e2con 1 star Guide Hachette des Vins 2024.  The cabanon is a stone shelter located at the edge of a vineyard in which, until the middle of the 20th century, the winegrower used to rest at midday and store his tools. and feed his horse.  &quot;Our ros\u00e9 is light and fruity, one of the estate&#039;s flagship cuv\u00e9es.&quot;  GRAPE VARIETIES: Grenache, Cinsault, Syrah, Mourv\u00e8dre CHARACTERISTICS: a medium-bodied ros\u00e9 with a brilliant salmon sheen. You can recognize ros\u00e9 from the South with its fresh notes of garrigue and the richness of stewed red fruit, dominated by raspberry and strawberry. The palate is full of tenderness, the fruit is young and fresh. melt-in-your-mouth, with a joyful touch of candy apple, a kind of melted sugar on a felted background. It&#039;s lively and joyful. A vacation drink to be served all year round. It goes well with summer salads and savory tarts, and excels as an aperitif or with hard cheeses. GUARDING POTENTIAL: 2 years  DISTINCTIONS : Ros\u00e9 2022: 1 star Guide Hachette des Vins 2024 + 4 GOLD medals at CGA, Grands Vins de M\u00e2con, Vignerons Ind\u00e9pendants competitions... Ros\u00e9 2021: 2 stars and Coup de C\u0153ur Guide Hachette des Vins 2023 Ros\u00e9 2020 : SILVER Concours des Grands Vins de Corbi\u00e8res Ros\u00e9 2019: Coup de C\u0153ur Guide Hachette des Vins 2021 Ros\u00e9 2018: 1 star in the Guide Hachette des Vins 2020, SILVER in the Guide Hachette des Vins 2020. Concours G\u00e9n\u00e9ral Agricole de Paris Ros\u00e9 2017: SILVER at the Concours Mondial des Feminalise, SILVER at the Mondial des Ros\u00e9s, Guide Hachette des Vins  A 5% discount is applied to orders of 6 bottles of the same cuv\u00e9e. Free delivery for orders over \u20ac200.\" \/>\n<meta name=\"robots\" content=\"index, follow, max-snippet:-1, max-image-preview:large, max-video-preview:-1\" \/>\n<link rel=\"canonical\" href=\"https:\/\/maylandie.fr\/en\/vins\/le-cabanon-rose\/\" \/>\n<meta property=\"og:locale\" content=\"en_US\" \/>\n<meta property=\"og:type\" content=\"article\" \/>\n<meta property=\"og:title\" content=\"Le Cabanon ros\u00e9 - Ch\u00e2teau Maylandie, vignerons ind\u00e9pendants du sud de France au c\u0153ur des Corbi\u00e8res, sur le Terroir de Boutenac.\" \/>\n<meta property=\"og:description\" content=\"AOC Corbi\u00e8res 2025 - 13% vol.  Silver medal at Concours G\u00e9n\u00e9ral Agricole de Paris 2026  4 GOLD medals at the Concours G\u00e9n\u00e9ral Agricole de Paris, Concours des Vignerons Ind\u00e9pendants de France, Concours mondial des F\u00e9minalise and Concours des Grands Vins de France de M\u00e2con 1 star Guide Hachette des Vins 2024.  The cabanon is a stone shelter located at the edge of a vineyard in which, until the middle of the 20th century, the winegrower used to rest at midday and store his tools. and feed his horse.  &quot;Our ros\u00e9 is light and fruity, one of the estate&#039;s flagship cuv\u00e9es.&quot;  GRAPE VARIETIES: Grenache, Cinsault, Syrah, Mourv\u00e8dre CHARACTERISTICS: a medium-bodied ros\u00e9 with a brilliant salmon sheen. You can recognize ros\u00e9 from the South with its fresh notes of garrigue and the richness of stewed red fruit, dominated by raspberry and strawberry. The palate is full of tenderness, the fruit is young and fresh. melt-in-your-mouth, with a joyful touch of candy apple, a kind of melted sugar on a felted background. It&#039;s lively and joyful. A vacation drink to be served all year round. It goes well with summer salads and savory tarts, and excels as an aperitif or with hard cheeses. GUARDING POTENTIAL: 2 years  DISTINCTIONS : Ros\u00e9 2022: 1 star Guide Hachette des Vins 2024 + 4 GOLD medals at CGA, Grands Vins de M\u00e2con, Vignerons Ind\u00e9pendants competitions... Ros\u00e9 2021: 2 stars and Coup de C\u0153ur Guide Hachette des Vins 2023 Ros\u00e9 2020 : SILVER Concours des Grands Vins de Corbi\u00e8res Ros\u00e9 2019: Coup de C\u0153ur Guide Hachette des Vins 2021 Ros\u00e9 2018: 1 star in the Guide Hachette des Vins 2020, SILVER in the Guide Hachette des Vins 2020. Concours G\u00e9n\u00e9ral Agricole de Paris Ros\u00e9 2017: SILVER at the Concours Mondial des Feminalise, SILVER at the Mondial des Ros\u00e9s, Guide Hachette des Vins  A 5% discount is applied to orders of 6 bottles of the same cuv\u00e9e. Free delivery for orders over \u20ac200.\" \/>\n<meta property=\"og:url\" content=\"https:\/\/maylandie.fr\/en\/vins\/le-cabanon-rose\/\" \/>\n<meta property=\"og:site_name\" content=\"Ch\u00e2teau Maylandie, vignerons ind\u00e9pendants du sud de France au c\u0153ur des Corbi\u00e8res, sur le Terroir de Boutenac.\" \/>\n<meta property=\"article:publisher\" content=\"https:\/\/www.facebook.com\/chateau.maylandie\" \/>\n<meta property=\"article:modified_time\" content=\"2026-05-07T17:07:37+00:00\" \/>\n<meta property=\"og:image\" content=\"https:\/\/maylandie.fr\/wp-content\/uploads\/2024\/04\/Le-Cabanon-rose-aoc-corbieres.jpg\" \/>\n\t<meta property=\"og:image:width\" content=\"1200\" \/>\n\t<meta property=\"og:image:height\" content=\"1200\" \/>\n\t<meta property=\"og:image:type\" content=\"image\/jpeg\" \/>\n<meta name=\"twitter:card\" content=\"summary_large_image\" \/>\n<meta name=\"twitter:label1\" content=\"Est. reading time\" \/>\n\t<meta name=\"twitter:data1\" content=\"1 minute\" \/>\n<script type=\"application\/ld+json\" class=\"yoast-schema-graph\">{\"@context\":\"https:\/\/schema.org\",\"@graph\":[{\"@type\":\"WebPage\",\"@id\":\"https:\/\/maylandie.fr\/en\/vins\/le-cabanon-rose\/\",\"url\":\"https:\/\/maylandie.fr\/en\/vins\/le-cabanon-rose\/\",\"name\":\"Le Cabanon ros\u00e9 - Ch\u00e2teau Maylandie, vignerons ind\u00e9pendants du sud de France au c\u0153ur des Corbi\u00e8res, sur le Terroir de Boutenac.\",\"isPartOf\":{\"@id\":\"https:\/\/maylandie.fr\/en\/#website\"},\"primaryImageOfPage\":{\"@id\":\"https:\/\/maylandie.fr\/en\/vins\/le-cabanon-rose\/#primaryimage\"},\"image\":{\"@id\":\"https:\/\/maylandie.fr\/en\/vins\/le-cabanon-rose\/#primaryimage\"},\"thumbnailUrl\":\"https:\/\/maylandie.fr\/wp-content\/uploads\/2024\/04\/Le-Cabanon-rose-aoc-corbieres.jpg\",\"datePublished\":\"2024-04-15T11:38:58+00:00\",\"dateModified\":\"2026-05-07T17:07:37+00:00\",\"description\":\"AOC Corbi\u00e8res 2025 - 13% vol. Silver medal at Concours G\u00e9n\u00e9ral Agricole de Paris 2026 4 GOLD medals at the Concours G\u00e9n\u00e9ral Agricole de Paris, Concours des Vignerons Ind\u00e9pendants de France, Concours mondial des F\u00e9minalise and Concours des Grands Vins de France de M\u00e2con 1 star Guide Hachette des Vins 2024. The cabanon is a stone shelter located at the edge of a vineyard in which, until the middle of the 20th century, the winegrower used to rest at midday and store his tools. and feed his horse. \\\"Our ros\u00e9 is light and fruity, one of the estate's flagship cuv\u00e9es.\\\" GRAPE VARIETIES: Grenache, Cinsault, Syrah, Mourv\u00e8dre CHARACTERISTICS: a medium-bodied ros\u00e9 with a brilliant salmon sheen. You can recognize ros\u00e9 from the South with its fresh notes of garrigue and the richness of stewed red fruit, dominated by raspberry and strawberry. The palate is full of tenderness, the fruit is young and fresh. melt-in-your-mouth, with a joyful touch of candy apple, a kind of melted sugar on a felted background. It's lively and joyful. A vacation drink to be served all year round. It goes well with summer salads and savory tarts, and excels as an aperitif or with hard cheeses. GUARDING POTENTIAL: 2 years DISTINCTIONS : Ros\u00e9 2022: 1 star Guide Hachette des Vins 2024 + 4 GOLD medals at CGA, Grands Vins de M\u00e2con, Vignerons Ind\u00e9pendants competitions... Ros\u00e9 2021: 2 stars and Coup de C\u0153ur Guide Hachette des Vins 2023 Ros\u00e9 2020 : SILVER Concours des Grands Vins de Corbi\u00e8res Ros\u00e9 2019: Coup de C\u0153ur Guide Hachette des Vins 2021 Ros\u00e9 2018: 1 star in the Guide Hachette des Vins 2020, SILVER in the Guide Hachette des Vins 2020. Concours G\u00e9n\u00e9ral Agricole de Paris Ros\u00e9 2017: SILVER at the Concours Mondial des Feminalise, SILVER at the Mondial des Ros\u00e9s, Guide Hachette des Vins A 5% discount is applied to orders of 6 bottles of the same cuv\u00e9e. Free delivery for orders over \u20ac200.\",\"breadcrumb\":{\"@id\":\"https:\/\/maylandie.fr\/en\/vins\/le-cabanon-rose\/#breadcrumb\"},\"inLanguage\":\"en-US\",\"potentialAction\":[{\"@type\":\"ReadAction\",\"target\":[\"https:\/\/maylandie.fr\/en\/vins\/le-cabanon-rose\/\"]}]},{\"@type\":\"ImageObject\",\"inLanguage\":\"en-US\",\"@id\":\"https:\/\/maylandie.fr\/en\/vins\/le-cabanon-rose\/#primaryimage\",\"url\":\"https:\/\/maylandie.fr\/wp-content\/uploads\/2024\/04\/Le-Cabanon-rose-aoc-corbieres.jpg\",\"contentUrl\":\"https:\/\/maylandie.fr\/wp-content\/uploads\/2024\/04\/Le-Cabanon-rose-aoc-corbieres.jpg\",\"width\":1200,\"height\":1200},{\"@type\":\"BreadcrumbList\",\"@id\":\"https:\/\/maylandie.fr\/en\/vins\/le-cabanon-rose\/#breadcrumb\",\"itemListElement\":[{\"@type\":\"ListItem\",\"position\":1,\"name\":\"Accueil\",\"item\":\"https:\/\/maylandie.fr\/en\/\"},{\"@type\":\"ListItem\",\"position\":2,\"name\":\"Store\",\"item\":\"https:\/\/maylandie.fr\/store\/\"},{\"@type\":\"ListItem\",\"position\":3,\"name\":\"Le Cabanon ros\u00e9\"}]},{\"@type\":\"WebSite\",\"@id\":\"https:\/\/maylandie.fr\/en\/#website\",\"url\":\"https:\/\/maylandie.fr\/en\/\",\"name\":\"Ch\u00e2teau Maylandie, vignerons ind\u00e9pendants du sud de France au c\u0153ur des Corbi\u00e8res, sur le Terroir de Boutenac.\",\"description\":\"\",\"publisher\":{\"@id\":\"https:\/\/maylandie.fr\/en\/#organization\"},\"potentialAction\":[{\"@type\":\"SearchAction\",\"target\":{\"@type\":\"EntryPoint\",\"urlTemplate\":\"https:\/\/maylandie.fr\/en\/?s={search_term_string}\"},\"query-input\":{\"@type\":\"PropertyValueSpecification\",\"valueRequired\":true,\"valueName\":\"search_term_string\"}}],\"inLanguage\":\"en-US\"},{\"@type\":\"Organization\",\"@id\":\"https:\/\/maylandie.fr\/en\/#organization\",\"name\":\"Ch\u00e2teau Maylandie, vignerons ind\u00e9pendants du sud de France au c\u0153ur des Corbi\u00e8res, sur le Terroir de Boutenac.\",\"url\":\"https:\/\/maylandie.fr\/en\/\",\"logo\":{\"@type\":\"ImageObject\",\"inLanguage\":\"en-US\",\"@id\":\"https:\/\/maylandie.fr\/en\/#\/schema\/logo\/image\/\",\"url\":\"https:\/\/maylandie.fr\/wp-content\/uploads\/2024\/04\/logo-modifie.png\",\"contentUrl\":\"https:\/\/maylandie.fr\/wp-content\/uploads\/2024\/04\/logo-modifie.png\",\"width\":600,\"height\":379,\"caption\":\"Ch\u00e2teau Maylandie, vignerons ind\u00e9pendants du sud de France au c\u0153ur des Corbi\u00e8res, sur le Terroir de Boutenac.\"},\"image\":{\"@id\":\"https:\/\/maylandie.fr\/en\/#\/schema\/logo\/image\/\"},\"sameAs\":[\"https:\/\/www.facebook.com\/chateau.maylandie\",\"https:\/\/www.instagram.com\/maylandie\/\"]}]}<\/script>\n<!-- \/ Yoast SEO plugin. -->","yoast_head_json":{"title":"Le Cabanon ros\u00e9 - Ch\u00e2teau Maylandie, vignerons ind\u00e9pendants du sud de France au c\u0153ur des Corbi\u00e8res, sur le Terroir de Boutenac.","description":"AOC Corbi\u00e8res 2025 - 13% vol.  Silver medal at Concours G\u00e9n\u00e9ral Agricole de Paris 2026  4 GOLD medals at the Concours G\u00e9n\u00e9ral Agricole de Paris, Concours des Vignerons Ind\u00e9pendants de France, Concours mondial des F\u00e9minalise and Concours des Grands Vins de France de M\u00e2con 1 star Guide Hachette des Vins 2024.  The cabanon is a stone shelter located at the edge of a vineyard in which, until the middle of the 20th century, the winegrower used to rest at midday and store his tools. and feed his horse.  \"Our ros\u00e9 is light and fruity, one of the estate's flagship cuv\u00e9es.\"  GRAPE VARIETIES: Grenache, Cinsault, Syrah, Mourv\u00e8dre CHARACTERISTICS: a medium-bodied ros\u00e9 with a brilliant salmon sheen. You can recognize ros\u00e9 from the South with its fresh notes of garrigue and the richness of stewed red fruit, dominated by raspberry and strawberry. The palate is full of tenderness, the fruit is young and fresh. melt-in-your-mouth, with a joyful touch of candy apple, a kind of melted sugar on a felted background. It's lively and joyful. A vacation drink to be served all year round. It goes well with summer salads and savory tarts, and excels as an aperitif or with hard cheeses. GUARDING POTENTIAL: 2 years  DISTINCTIONS : Ros\u00e9 2022: 1 star Guide Hachette des Vins 2024 + 4 GOLD medals at CGA, Grands Vins de M\u00e2con, Vignerons Ind\u00e9pendants competitions... Ros\u00e9 2021: 2 stars and Coup de C\u0153ur Guide Hachette des Vins 2023 Ros\u00e9 2020 : SILVER Concours des Grands Vins de Corbi\u00e8res Ros\u00e9 2019: Coup de C\u0153ur Guide Hachette des Vins 2021 Ros\u00e9 2018: 1 star in the Guide Hachette des Vins 2020, SILVER in the Guide Hachette des Vins 2020. Concours G\u00e9n\u00e9ral Agricole de Paris Ros\u00e9 2017: SILVER at the Concours Mondial des Feminalise, SILVER at the Mondial des Ros\u00e9s, Guide Hachette des Vins  A 5% discount is applied to orders of 6 bottles of the same cuv\u00e9e. Free delivery for orders over \u20ac200.","robots":{"index":"index","follow":"follow","max-snippet":"max-snippet:-1","max-image-preview":"max-image-preview:large","max-video-preview":"max-video-preview:-1"},"canonical":"https:\/\/maylandie.fr\/en\/vins\/le-cabanon-rose\/","og_locale":"en_US","og_type":"article","og_title":"Le Cabanon ros\u00e9 - Ch\u00e2teau Maylandie, vignerons ind\u00e9pendants du sud de France au c\u0153ur des Corbi\u00e8res, sur le Terroir de Boutenac.","og_description":"AOC Corbi\u00e8res 2025 - 13% vol.  Silver medal at Concours G\u00e9n\u00e9ral Agricole de Paris 2026  4 GOLD medals at the Concours G\u00e9n\u00e9ral Agricole de Paris, Concours des Vignerons Ind\u00e9pendants de France, Concours mondial des F\u00e9minalise and Concours des Grands Vins de France de M\u00e2con 1 star Guide Hachette des Vins 2024.  The cabanon is a stone shelter located at the edge of a vineyard in which, until the middle of the 20th century, the winegrower used to rest at midday and store his tools. and feed his horse.  \"Our ros\u00e9 is light and fruity, one of the estate's flagship cuv\u00e9es.\"  GRAPE VARIETIES: Grenache, Cinsault, Syrah, Mourv\u00e8dre CHARACTERISTICS: a medium-bodied ros\u00e9 with a brilliant salmon sheen. You can recognize ros\u00e9 from the South with its fresh notes of garrigue and the richness of stewed red fruit, dominated by raspberry and strawberry. The palate is full of tenderness, the fruit is young and fresh. melt-in-your-mouth, with a joyful touch of candy apple, a kind of melted sugar on a felted background. It's lively and joyful. A vacation drink to be served all year round. It goes well with summer salads and savory tarts, and excels as an aperitif or with hard cheeses. GUARDING POTENTIAL: 2 years  DISTINCTIONS : Ros\u00e9 2022: 1 star Guide Hachette des Vins 2024 + 4 GOLD medals at CGA, Grands Vins de M\u00e2con, Vignerons Ind\u00e9pendants competitions... Ros\u00e9 2021: 2 stars and Coup de C\u0153ur Guide Hachette des Vins 2023 Ros\u00e9 2020 : SILVER Concours des Grands Vins de Corbi\u00e8res Ros\u00e9 2019: Coup de C\u0153ur Guide Hachette des Vins 2021 Ros\u00e9 2018: 1 star in the Guide Hachette des Vins 2020, SILVER in the Guide Hachette des Vins 2020. Concours G\u00e9n\u00e9ral Agricole de Paris Ros\u00e9 2017: SILVER at the Concours Mondial des Feminalise, SILVER at the Mondial des Ros\u00e9s, Guide Hachette des Vins  A 5% discount is applied to orders of 6 bottles of the same cuv\u00e9e. Free delivery for orders over \u20ac200.","og_url":"https:\/\/maylandie.fr\/en\/vins\/le-cabanon-rose\/","og_site_name":"Ch\u00e2teau Maylandie, vignerons ind\u00e9pendants du sud de France au c\u0153ur des Corbi\u00e8res, sur le Terroir de Boutenac.","article_publisher":"https:\/\/www.facebook.com\/chateau.maylandie","article_modified_time":"2026-05-07T17:07:37+00:00","og_image":[{"width":1200,"height":1200,"url":"https:\/\/maylandie.fr\/wp-content\/uploads\/2024\/04\/Le-Cabanon-rose-aoc-corbieres.jpg","type":"image\/jpeg"}],"twitter_card":"summary_large_image","twitter_misc":{"Est. reading time":"1 minute"},"schema":{"@context":"https:\/\/schema.org","@graph":[{"@type":"WebPage","@id":"https:\/\/maylandie.fr\/en\/vins\/le-cabanon-rose\/","url":"https:\/\/maylandie.fr\/en\/vins\/le-cabanon-rose\/","name":"Le Cabanon ros\u00e9 - Ch\u00e2teau Maylandie, vignerons ind\u00e9pendants du sud de France au c\u0153ur des Corbi\u00e8res, sur le Terroir de Boutenac.","isPartOf":{"@id":"https:\/\/maylandie.fr\/en\/#website"},"primaryImageOfPage":{"@id":"https:\/\/maylandie.fr\/en\/vins\/le-cabanon-rose\/#primaryimage"},"image":{"@id":"https:\/\/maylandie.fr\/en\/vins\/le-cabanon-rose\/#primaryimage"},"thumbnailUrl":"https:\/\/maylandie.fr\/wp-content\/uploads\/2024\/04\/Le-Cabanon-rose-aoc-corbieres.jpg","datePublished":"2024-04-15T11:38:58+00:00","dateModified":"2026-05-07T17:07:37+00:00","description":"AOC Corbi\u00e8res 2025 - 13% vol. Silver medal at Concours G\u00e9n\u00e9ral Agricole de Paris 2026 4 GOLD medals at the Concours G\u00e9n\u00e9ral Agricole de Paris, Concours des Vignerons Ind\u00e9pendants de France, Concours mondial des F\u00e9minalise and Concours des Grands Vins de France de M\u00e2con 1 star Guide Hachette des Vins 2024. The cabanon is a stone shelter located at the edge of a vineyard in which, until the middle of the 20th century, the winegrower used to rest at midday and store his tools. and feed his horse. \"Our ros\u00e9 is light and fruity, one of the estate's flagship cuv\u00e9es.\" GRAPE VARIETIES: Grenache, Cinsault, Syrah, Mourv\u00e8dre CHARACTERISTICS: a medium-bodied ros\u00e9 with a brilliant salmon sheen. You can recognize ros\u00e9 from the South with its fresh notes of garrigue and the richness of stewed red fruit, dominated by raspberry and strawberry. The palate is full of tenderness, the fruit is young and fresh. melt-in-your-mouth, with a joyful touch of candy apple, a kind of melted sugar on a felted background. It's lively and joyful. A vacation drink to be served all year round. It goes well with summer salads and savory tarts, and excels as an aperitif or with hard cheeses. GUARDING POTENTIAL: 2 years DISTINCTIONS : Ros\u00e9 2022: 1 star Guide Hachette des Vins 2024 + 4 GOLD medals at CGA, Grands Vins de M\u00e2con, Vignerons Ind\u00e9pendants competitions... Ros\u00e9 2021: 2 stars and Coup de C\u0153ur Guide Hachette des Vins 2023 Ros\u00e9 2020 : SILVER Concours des Grands Vins de Corbi\u00e8res Ros\u00e9 2019: Coup de C\u0153ur Guide Hachette des Vins 2021 Ros\u00e9 2018: 1 star in the Guide Hachette des Vins 2020, SILVER in the Guide Hachette des Vins 2020. Concours G\u00e9n\u00e9ral Agricole de Paris Ros\u00e9 2017: SILVER at the Concours Mondial des Feminalise, SILVER at the Mondial des Ros\u00e9s, Guide Hachette des Vins A 5% discount is applied to orders of 6 bottles of the same cuv\u00e9e. Free delivery for orders over \u20ac200.","breadcrumb":{"@id":"https:\/\/maylandie.fr\/en\/vins\/le-cabanon-rose\/#breadcrumb"},"inLanguage":"en-US","potentialAction":[{"@type":"ReadAction","target":["https:\/\/maylandie.fr\/en\/vins\/le-cabanon-rose\/"]}]},{"@type":"ImageObject","inLanguage":"en-US","@id":"https:\/\/maylandie.fr\/en\/vins\/le-cabanon-rose\/#primaryimage","url":"https:\/\/maylandie.fr\/wp-content\/uploads\/2024\/04\/Le-Cabanon-rose-aoc-corbieres.jpg","contentUrl":"https:\/\/maylandie.fr\/wp-content\/uploads\/2024\/04\/Le-Cabanon-rose-aoc-corbieres.jpg","width":1200,"height":1200},{"@type":"BreadcrumbList","@id":"https:\/\/maylandie.fr\/en\/vins\/le-cabanon-rose\/#breadcrumb","itemListElement":[{"@type":"ListItem","position":1,"name":"Accueil","item":"https:\/\/maylandie.fr\/en\/"},{"@type":"ListItem","position":2,"name":"Store","item":"https:\/\/maylandie.fr\/store\/"},{"@type":"ListItem","position":3,"name":"Le Cabanon ros\u00e9"}]},{"@type":"WebSite","@id":"https:\/\/maylandie.fr\/en\/#website","url":"https:\/\/maylandie.fr\/en\/","name":"Ch\u00e2teau Maylandie, vignerons ind\u00e9pendants du sud de France au c\u0153ur des Corbi\u00e8res, sur le Terroir de Boutenac.","description":"","publisher":{"@id":"https:\/\/maylandie.fr\/en\/#organization"},"potentialAction":[{"@type":"SearchAction","target":{"@type":"EntryPoint","urlTemplate":"https:\/\/maylandie.fr\/en\/?s={search_term_string}"},"query-input":{"@type":"PropertyValueSpecification","valueRequired":true,"valueName":"search_term_string"}}],"inLanguage":"en-US"},{"@type":"Organization","@id":"https:\/\/maylandie.fr\/en\/#organization","name":"Ch\u00e2teau Maylandie, vignerons ind\u00e9pendants du sud de France au c\u0153ur des Corbi\u00e8res, sur le Terroir de Boutenac.","url":"https:\/\/maylandie.fr\/en\/","logo":{"@type":"ImageObject","inLanguage":"en-US","@id":"https:\/\/maylandie.fr\/en\/#\/schema\/logo\/image\/","url":"https:\/\/maylandie.fr\/wp-content\/uploads\/2024\/04\/logo-modifie.png","contentUrl":"https:\/\/maylandie.fr\/wp-content\/uploads\/2024\/04\/logo-modifie.png","width":600,"height":379,"caption":"Ch\u00e2teau Maylandie, vignerons ind\u00e9pendants du sud de France au c\u0153ur des Corbi\u00e8res, sur le Terroir de Boutenac."},"image":{"@id":"https:\/\/maylandie.fr\/en\/#\/schema\/logo\/image\/"},"sameAs":["https:\/\/www.facebook.com\/chateau.maylandie","https:\/\/www.instagram.com\/maylandie\/"]}]}},"_links":{"self":[{"href":"https:\/\/maylandie.fr\/en\/wp-json\/wp\/v2\/product\/959","targetHints":{"allow":["GET"]}}],"collection":[{"href":"https:\/\/maylandie.fr\/en\/wp-json\/wp\/v2\/product"}],"about":[{"href":"https:\/\/maylandie.fr\/en\/wp-json\/wp\/v2\/types\/product"}],"wp:featuredmedia":[{"embeddable":true,"href":"https:\/\/maylandie.fr\/en\/wp-json\/wp\/v2\/media\/842"}],"wp:attachment":[{"href":"https:\/\/maylandie.fr\/en\/wp-json\/wp\/v2\/media?parent=959"}],"wp:term":[{"taxonomy":"product_brand","embeddable":true,"href":"https:\/\/maylandie.fr\/en\/wp-json\/wp\/v2\/product_brand?post=959"},{"taxonomy":"product_cat","embeddable":true,"href":"https:\/\/maylandie.fr\/en\/wp-json\/wp\/v2\/product_cat?post=959"},{"taxonomy":"product_tag","embeddable":true,"href":"https:\/\/maylandie.fr\/en\/wp-json\/wp\/v2\/product_tag?post=959"}],"curies":[{"name":"wp","href":"https:\/\/api.w.org\/{rel}","templated":true}]}}