{"id":963,"date":"2024-04-15T14:24:03","date_gmt":"2024-04-15T12:24:03","guid":{"rendered":"https:\/\/maylandie.fr\/vins\/exquises-esquisses-red-no-added-sulphites\/"},"modified":"2026-05-07T19:12:12","modified_gmt":"2026-05-07T17:12:12","slug":"exquises-esquisses-red-no-added-sulphites","status":"publish","type":"product","link":"https:\/\/maylandie.fr\/en\/vins\/exquises-esquisses-red-no-added-sulphites\/","title":{"rendered":"Exquises Esquisses red, no added sulphites"},"content":{"rendered":"","protected":false},"excerpt":{"rendered":"<p>WINE WITH NO ADDED SULFITES<br \/>\nAOC Corbi\u00e8res red 2023 &#8211; 14.5% vol.<\/p>\n<p><em><strong>&#8220;Our red with no added sulfites&#8230;.&#8221;<\/strong><\/em><\/p>\n<p><strong>GRAPE VARIETIES:<\/strong> 80% Syrah &#8211; 20% Carignan<br \/>\n<strong>CHARACTERISTICS:<\/strong> A deep purple color with violet highlights, the red in the black evokes the skin of a ripe carignan. Mature notes of brown caramel, refreshed by violets and burlat cherry. We stay with fruit, blackberry and quince jelly and reinette apple. On the palate, the fruit has a tight, velvety texture, with small, fine, taut ribs. Long finish of violets and black licorice. We love it in its pure, fruity youth, which is what sulfite-free wines are all about, and we&#8217;ll love it to blossom over time, or simply decanted.<br \/>\nA sulfite-free wine to enjoy fruit without detours and wine without artifice. With simple, tasty dishes.<br \/>\n<strong>KEEPING POTENTIAL:<\/strong> 4\/5 years<br \/>\n<strong>DISTINCTIONS :<\/strong><br \/>\nRed 2021: GOLD Concours des Grands Vins de Corbi\u00e8res<br \/>\nRed 2018: SILVER at the Concours des Grands Vins du Sud and at the<br \/>\nConcours des Grands Vins de Corbi\u00e8res<\/p>\n<p><em>A 5% discount is applied to orders of 6 bottles of the same cuv\u00e9e.<br \/>\nFree delivery for orders over \u20ac200.<\/em><\/p>\n","protected":false},"featured_media":848,"template":"","meta":[],"product_brand":[],"product_cat":[30],"product_tag":[],"class_list":{"0":"post-963","1":"product","2":"type-product","3":"status-publish","4":"has-post-thumbnail","6":"product_cat-wines","8":"first","9":"instock","10":"shipping-taxable","11":"purchasable","12":"product-type-simple"},"yoast_head":"<!-- This site is optimized with the Yoast SEO plugin v26.9 - https:\/\/yoast.com\/product\/yoast-seo-wordpress\/ -->\n<title>Exquises Esquisses red, no added sulphites - Ch\u00e2teau Maylandie, vignerons ind\u00e9pendants du sud de France au c\u0153ur des Corbi\u00e8res, sur le Terroir de Boutenac.<\/title>\n<meta name=\"description\" content=\"WINE WITH NO ADDED SULFITES AOC Corbi\u00e8res red 2023 - 14.5% vol.  &quot;Our red with no added sulfites....&quot;  GRAPE VARIETIES: 80% Syrah - 20% Carignan CHARACTERISTICS: A deep purple color with violet highlights, the red in the black evokes the skin of a ripe carignan. Mature notes of brown caramel, refreshed by violets and burlat cherry. We stay with fruit, blackberry and quince jelly and reinette apple. On the palate, the fruit has a tight, velvety texture, with small, fine, taut ribs. Long finish of violets and black licorice. We love it in its pure, fruity youth, which is what sulfite-free wines are all about, and we&#039;ll love it to blossom over time, or simply decanted. A sulfite-free wine to enjoy fruit without detours and wine without artifice. With simple, tasty dishes. KEEPING POTENTIAL: 4\/5 years DISTINCTIONS : Red 2021: GOLD Concours des Grands Vins de Corbi\u00e8res Red 2018: SILVER at the Concours des Grands Vins du Sud and at the Concours des Grands Vins de Corbi\u00e8res  A 5% discount is applied to orders of 6 bottles of the same cuv\u00e9e. Free delivery for orders over \u20ac200.\" \/>\n<meta name=\"robots\" content=\"index, follow, max-snippet:-1, max-image-preview:large, max-video-preview:-1\" \/>\n<link rel=\"canonical\" href=\"https:\/\/maylandie.fr\/en\/vins\/exquises-esquisses-red-no-added-sulphites\/\" \/>\n<meta property=\"og:locale\" content=\"en_US\" \/>\n<meta property=\"og:type\" content=\"article\" \/>\n<meta property=\"og:title\" content=\"Exquises Esquisses red, no added sulphites - Ch\u00e2teau Maylandie, vignerons ind\u00e9pendants du sud de France au c\u0153ur des Corbi\u00e8res, sur le Terroir de Boutenac.\" \/>\n<meta property=\"og:description\" content=\"WINE WITH NO ADDED SULFITES AOC Corbi\u00e8res red 2023 - 14.5% vol.  &quot;Our red with no added sulfites....&quot;  GRAPE VARIETIES: 80% Syrah - 20% Carignan CHARACTERISTICS: A deep purple color with violet highlights, the red in the black evokes the skin of a ripe carignan. Mature notes of brown caramel, refreshed by violets and burlat cherry. We stay with fruit, blackberry and quince jelly and reinette apple. On the palate, the fruit has a tight, velvety texture, with small, fine, taut ribs. Long finish of violets and black licorice. We love it in its pure, fruity youth, which is what sulfite-free wines are all about, and we&#039;ll love it to blossom over time, or simply decanted. A sulfite-free wine to enjoy fruit without detours and wine without artifice. With simple, tasty dishes. KEEPING POTENTIAL: 4\/5 years DISTINCTIONS : Red 2021: GOLD Concours des Grands Vins de Corbi\u00e8res Red 2018: SILVER at the Concours des Grands Vins du Sud and at the Concours des Grands Vins de Corbi\u00e8res  A 5% discount is applied to orders of 6 bottles of the same cuv\u00e9e. Free delivery for orders over \u20ac200.\" \/>\n<meta property=\"og:url\" content=\"https:\/\/maylandie.fr\/en\/vins\/exquises-esquisses-red-no-added-sulphites\/\" \/>\n<meta property=\"og:site_name\" content=\"Ch\u00e2teau Maylandie, vignerons ind\u00e9pendants du sud de France au c\u0153ur des Corbi\u00e8res, sur le Terroir de Boutenac.\" \/>\n<meta property=\"article:publisher\" content=\"https:\/\/www.facebook.com\/chateau.maylandie\" \/>\n<meta property=\"article:modified_time\" content=\"2026-05-07T17:12:12+00:00\" \/>\n<meta property=\"og:image\" content=\"https:\/\/maylandie.fr\/wp-content\/uploads\/2024\/04\/Exquises-Esquisses-rouge-aoc-corbieres.jpg\" \/>\n\t<meta property=\"og:image:width\" content=\"1200\" \/>\n\t<meta property=\"og:image:height\" content=\"1200\" \/>\n\t<meta property=\"og:image:type\" content=\"image\/jpeg\" \/>\n<meta name=\"twitter:card\" content=\"summary_large_image\" \/>\n<meta name=\"twitter:label1\" content=\"Est. reading time\" \/>\n\t<meta name=\"twitter:data1\" content=\"1 minute\" \/>\n<script type=\"application\/ld+json\" class=\"yoast-schema-graph\">{\"@context\":\"https:\/\/schema.org\",\"@graph\":[{\"@type\":\"WebPage\",\"@id\":\"https:\/\/maylandie.fr\/en\/vins\/exquises-esquisses-red-no-added-sulphites\/\",\"url\":\"https:\/\/maylandie.fr\/en\/vins\/exquises-esquisses-red-no-added-sulphites\/\",\"name\":\"Exquises Esquisses red, no added sulphites - Ch\u00e2teau Maylandie, vignerons ind\u00e9pendants du sud de France au c\u0153ur des Corbi\u00e8res, sur le Terroir de Boutenac.\",\"isPartOf\":{\"@id\":\"https:\/\/maylandie.fr\/en\/#website\"},\"primaryImageOfPage\":{\"@id\":\"https:\/\/maylandie.fr\/en\/vins\/exquises-esquisses-red-no-added-sulphites\/#primaryimage\"},\"image\":{\"@id\":\"https:\/\/maylandie.fr\/en\/vins\/exquises-esquisses-red-no-added-sulphites\/#primaryimage\"},\"thumbnailUrl\":\"https:\/\/maylandie.fr\/wp-content\/uploads\/2024\/04\/Exquises-Esquisses-rouge-aoc-corbieres.jpg\",\"datePublished\":\"2024-04-15T12:24:03+00:00\",\"dateModified\":\"2026-05-07T17:12:12+00:00\",\"description\":\"WINE WITH NO ADDED SULFITES AOC Corbi\u00e8res red 2023 - 14.5% vol. \\\"Our red with no added sulfites....\\\" GRAPE VARIETIES: 80% Syrah - 20% Carignan CHARACTERISTICS: A deep purple color with violet highlights, the red in the black evokes the skin of a ripe carignan. Mature notes of brown caramel, refreshed by violets and burlat cherry. We stay with fruit, blackberry and quince jelly and reinette apple. On the palate, the fruit has a tight, velvety texture, with small, fine, taut ribs. Long finish of violets and black licorice. We love it in its pure, fruity youth, which is what sulfite-free wines are all about, and we'll love it to blossom over time, or simply decanted. A sulfite-free wine to enjoy fruit without detours and wine without artifice. With simple, tasty dishes. KEEPING POTENTIAL: 4\/5 years DISTINCTIONS : Red 2021: GOLD Concours des Grands Vins de Corbi\u00e8res Red 2018: SILVER at the Concours des Grands Vins du Sud and at the Concours des Grands Vins de Corbi\u00e8res A 5% discount is applied to orders of 6 bottles of the same cuv\u00e9e. Free delivery for orders over \u20ac200.\",\"breadcrumb\":{\"@id\":\"https:\/\/maylandie.fr\/en\/vins\/exquises-esquisses-red-no-added-sulphites\/#breadcrumb\"},\"inLanguage\":\"en-US\",\"potentialAction\":[{\"@type\":\"ReadAction\",\"target\":[\"https:\/\/maylandie.fr\/en\/vins\/exquises-esquisses-red-no-added-sulphites\/\"]}]},{\"@type\":\"ImageObject\",\"inLanguage\":\"en-US\",\"@id\":\"https:\/\/maylandie.fr\/en\/vins\/exquises-esquisses-red-no-added-sulphites\/#primaryimage\",\"url\":\"https:\/\/maylandie.fr\/wp-content\/uploads\/2024\/04\/Exquises-Esquisses-rouge-aoc-corbieres.jpg\",\"contentUrl\":\"https:\/\/maylandie.fr\/wp-content\/uploads\/2024\/04\/Exquises-Esquisses-rouge-aoc-corbieres.jpg\",\"width\":1200,\"height\":1200},{\"@type\":\"BreadcrumbList\",\"@id\":\"https:\/\/maylandie.fr\/en\/vins\/exquises-esquisses-red-no-added-sulphites\/#breadcrumb\",\"itemListElement\":[{\"@type\":\"ListItem\",\"position\":1,\"name\":\"Accueil\",\"item\":\"https:\/\/maylandie.fr\/en\/\"},{\"@type\":\"ListItem\",\"position\":2,\"name\":\"Store\",\"item\":\"https:\/\/maylandie.fr\/store\/\"},{\"@type\":\"ListItem\",\"position\":3,\"name\":\"Exquises Esquisses red, no added sulphites\"}]},{\"@type\":\"WebSite\",\"@id\":\"https:\/\/maylandie.fr\/en\/#website\",\"url\":\"https:\/\/maylandie.fr\/en\/\",\"name\":\"Ch\u00e2teau Maylandie, vignerons ind\u00e9pendants du sud de France au c\u0153ur des Corbi\u00e8res, sur le Terroir de Boutenac.\",\"description\":\"\",\"publisher\":{\"@id\":\"https:\/\/maylandie.fr\/en\/#organization\"},\"potentialAction\":[{\"@type\":\"SearchAction\",\"target\":{\"@type\":\"EntryPoint\",\"urlTemplate\":\"https:\/\/maylandie.fr\/en\/?s={search_term_string}\"},\"query-input\":{\"@type\":\"PropertyValueSpecification\",\"valueRequired\":true,\"valueName\":\"search_term_string\"}}],\"inLanguage\":\"en-US\"},{\"@type\":\"Organization\",\"@id\":\"https:\/\/maylandie.fr\/en\/#organization\",\"name\":\"Ch\u00e2teau Maylandie, vignerons ind\u00e9pendants du sud de France au c\u0153ur des Corbi\u00e8res, sur le Terroir de Boutenac.\",\"url\":\"https:\/\/maylandie.fr\/en\/\",\"logo\":{\"@type\":\"ImageObject\",\"inLanguage\":\"en-US\",\"@id\":\"https:\/\/maylandie.fr\/en\/#\/schema\/logo\/image\/\",\"url\":\"https:\/\/maylandie.fr\/wp-content\/uploads\/2024\/04\/logo-modifie.png\",\"contentUrl\":\"https:\/\/maylandie.fr\/wp-content\/uploads\/2024\/04\/logo-modifie.png\",\"width\":600,\"height\":379,\"caption\":\"Ch\u00e2teau Maylandie, vignerons ind\u00e9pendants du sud de France au c\u0153ur des Corbi\u00e8res, sur le Terroir de Boutenac.\"},\"image\":{\"@id\":\"https:\/\/maylandie.fr\/en\/#\/schema\/logo\/image\/\"},\"sameAs\":[\"https:\/\/www.facebook.com\/chateau.maylandie\",\"https:\/\/www.instagram.com\/maylandie\/\"]}]}<\/script>\n<!-- \/ Yoast SEO plugin. -->","yoast_head_json":{"title":"Exquises Esquisses red, no added sulphites - Ch\u00e2teau Maylandie, vignerons ind\u00e9pendants du sud de France au c\u0153ur des Corbi\u00e8res, sur le Terroir de Boutenac.","description":"WINE WITH NO ADDED SULFITES AOC Corbi\u00e8res red 2023 - 14.5% vol.  \"Our red with no added sulfites....\"  GRAPE VARIETIES: 80% Syrah - 20% Carignan CHARACTERISTICS: A deep purple color with violet highlights, the red in the black evokes the skin of a ripe carignan. Mature notes of brown caramel, refreshed by violets and burlat cherry. We stay with fruit, blackberry and quince jelly and reinette apple. On the palate, the fruit has a tight, velvety texture, with small, fine, taut ribs. Long finish of violets and black licorice. We love it in its pure, fruity youth, which is what sulfite-free wines are all about, and we'll love it to blossom over time, or simply decanted. A sulfite-free wine to enjoy fruit without detours and wine without artifice. With simple, tasty dishes. KEEPING POTENTIAL: 4\/5 years DISTINCTIONS : Red 2021: GOLD Concours des Grands Vins de Corbi\u00e8res Red 2018: SILVER at the Concours des Grands Vins du Sud and at the Concours des Grands Vins de Corbi\u00e8res  A 5% discount is applied to orders of 6 bottles of the same cuv\u00e9e. Free delivery for orders over \u20ac200.","robots":{"index":"index","follow":"follow","max-snippet":"max-snippet:-1","max-image-preview":"max-image-preview:large","max-video-preview":"max-video-preview:-1"},"canonical":"https:\/\/maylandie.fr\/en\/vins\/exquises-esquisses-red-no-added-sulphites\/","og_locale":"en_US","og_type":"article","og_title":"Exquises Esquisses red, no added sulphites - Ch\u00e2teau Maylandie, vignerons ind\u00e9pendants du sud de France au c\u0153ur des Corbi\u00e8res, sur le Terroir de Boutenac.","og_description":"WINE WITH NO ADDED SULFITES AOC Corbi\u00e8res red 2023 - 14.5% vol.  \"Our red with no added sulfites....\"  GRAPE VARIETIES: 80% Syrah - 20% Carignan CHARACTERISTICS: A deep purple color with violet highlights, the red in the black evokes the skin of a ripe carignan. Mature notes of brown caramel, refreshed by violets and burlat cherry. We stay with fruit, blackberry and quince jelly and reinette apple. On the palate, the fruit has a tight, velvety texture, with small, fine, taut ribs. Long finish of violets and black licorice. We love it in its pure, fruity youth, which is what sulfite-free wines are all about, and we'll love it to blossom over time, or simply decanted. A sulfite-free wine to enjoy fruit without detours and wine without artifice. With simple, tasty dishes. KEEPING POTENTIAL: 4\/5 years DISTINCTIONS : Red 2021: GOLD Concours des Grands Vins de Corbi\u00e8res Red 2018: SILVER at the Concours des Grands Vins du Sud and at the Concours des Grands Vins de Corbi\u00e8res  A 5% discount is applied to orders of 6 bottles of the same cuv\u00e9e. Free delivery for orders over \u20ac200.","og_url":"https:\/\/maylandie.fr\/en\/vins\/exquises-esquisses-red-no-added-sulphites\/","og_site_name":"Ch\u00e2teau Maylandie, vignerons ind\u00e9pendants du sud de France au c\u0153ur des Corbi\u00e8res, sur le Terroir de Boutenac.","article_publisher":"https:\/\/www.facebook.com\/chateau.maylandie","article_modified_time":"2026-05-07T17:12:12+00:00","og_image":[{"width":1200,"height":1200,"url":"https:\/\/maylandie.fr\/wp-content\/uploads\/2024\/04\/Exquises-Esquisses-rouge-aoc-corbieres.jpg","type":"image\/jpeg"}],"twitter_card":"summary_large_image","twitter_misc":{"Est. reading time":"1 minute"},"schema":{"@context":"https:\/\/schema.org","@graph":[{"@type":"WebPage","@id":"https:\/\/maylandie.fr\/en\/vins\/exquises-esquisses-red-no-added-sulphites\/","url":"https:\/\/maylandie.fr\/en\/vins\/exquises-esquisses-red-no-added-sulphites\/","name":"Exquises Esquisses red, no added sulphites - Ch\u00e2teau Maylandie, vignerons ind\u00e9pendants du sud de France au c\u0153ur des Corbi\u00e8res, sur le Terroir de Boutenac.","isPartOf":{"@id":"https:\/\/maylandie.fr\/en\/#website"},"primaryImageOfPage":{"@id":"https:\/\/maylandie.fr\/en\/vins\/exquises-esquisses-red-no-added-sulphites\/#primaryimage"},"image":{"@id":"https:\/\/maylandie.fr\/en\/vins\/exquises-esquisses-red-no-added-sulphites\/#primaryimage"},"thumbnailUrl":"https:\/\/maylandie.fr\/wp-content\/uploads\/2024\/04\/Exquises-Esquisses-rouge-aoc-corbieres.jpg","datePublished":"2024-04-15T12:24:03+00:00","dateModified":"2026-05-07T17:12:12+00:00","description":"WINE WITH NO ADDED SULFITES AOC Corbi\u00e8res red 2023 - 14.5% vol. \"Our red with no added sulfites....\" GRAPE VARIETIES: 80% Syrah - 20% Carignan CHARACTERISTICS: A deep purple color with violet highlights, the red in the black evokes the skin of a ripe carignan. Mature notes of brown caramel, refreshed by violets and burlat cherry. We stay with fruit, blackberry and quince jelly and reinette apple. On the palate, the fruit has a tight, velvety texture, with small, fine, taut ribs. Long finish of violets and black licorice. We love it in its pure, fruity youth, which is what sulfite-free wines are all about, and we'll love it to blossom over time, or simply decanted. A sulfite-free wine to enjoy fruit without detours and wine without artifice. With simple, tasty dishes. KEEPING POTENTIAL: 4\/5 years DISTINCTIONS : Red 2021: GOLD Concours des Grands Vins de Corbi\u00e8res Red 2018: SILVER at the Concours des Grands Vins du Sud and at the Concours des Grands Vins de Corbi\u00e8res A 5% discount is applied to orders of 6 bottles of the same cuv\u00e9e. Free delivery for orders over \u20ac200.","breadcrumb":{"@id":"https:\/\/maylandie.fr\/en\/vins\/exquises-esquisses-red-no-added-sulphites\/#breadcrumb"},"inLanguage":"en-US","potentialAction":[{"@type":"ReadAction","target":["https:\/\/maylandie.fr\/en\/vins\/exquises-esquisses-red-no-added-sulphites\/"]}]},{"@type":"ImageObject","inLanguage":"en-US","@id":"https:\/\/maylandie.fr\/en\/vins\/exquises-esquisses-red-no-added-sulphites\/#primaryimage","url":"https:\/\/maylandie.fr\/wp-content\/uploads\/2024\/04\/Exquises-Esquisses-rouge-aoc-corbieres.jpg","contentUrl":"https:\/\/maylandie.fr\/wp-content\/uploads\/2024\/04\/Exquises-Esquisses-rouge-aoc-corbieres.jpg","width":1200,"height":1200},{"@type":"BreadcrumbList","@id":"https:\/\/maylandie.fr\/en\/vins\/exquises-esquisses-red-no-added-sulphites\/#breadcrumb","itemListElement":[{"@type":"ListItem","position":1,"name":"Accueil","item":"https:\/\/maylandie.fr\/en\/"},{"@type":"ListItem","position":2,"name":"Store","item":"https:\/\/maylandie.fr\/store\/"},{"@type":"ListItem","position":3,"name":"Exquises Esquisses red, no added sulphites"}]},{"@type":"WebSite","@id":"https:\/\/maylandie.fr\/en\/#website","url":"https:\/\/maylandie.fr\/en\/","name":"Ch\u00e2teau Maylandie, vignerons ind\u00e9pendants du sud de France au c\u0153ur des Corbi\u00e8res, sur le Terroir de Boutenac.","description":"","publisher":{"@id":"https:\/\/maylandie.fr\/en\/#organization"},"potentialAction":[{"@type":"SearchAction","target":{"@type":"EntryPoint","urlTemplate":"https:\/\/maylandie.fr\/en\/?s={search_term_string}"},"query-input":{"@type":"PropertyValueSpecification","valueRequired":true,"valueName":"search_term_string"}}],"inLanguage":"en-US"},{"@type":"Organization","@id":"https:\/\/maylandie.fr\/en\/#organization","name":"Ch\u00e2teau Maylandie, vignerons ind\u00e9pendants du sud de France au c\u0153ur des Corbi\u00e8res, sur le Terroir de Boutenac.","url":"https:\/\/maylandie.fr\/en\/","logo":{"@type":"ImageObject","inLanguage":"en-US","@id":"https:\/\/maylandie.fr\/en\/#\/schema\/logo\/image\/","url":"https:\/\/maylandie.fr\/wp-content\/uploads\/2024\/04\/logo-modifie.png","contentUrl":"https:\/\/maylandie.fr\/wp-content\/uploads\/2024\/04\/logo-modifie.png","width":600,"height":379,"caption":"Ch\u00e2teau Maylandie, vignerons ind\u00e9pendants du sud de France au c\u0153ur des Corbi\u00e8res, sur le Terroir de Boutenac."},"image":{"@id":"https:\/\/maylandie.fr\/en\/#\/schema\/logo\/image\/"},"sameAs":["https:\/\/www.facebook.com\/chateau.maylandie","https:\/\/www.instagram.com\/maylandie\/"]}]}},"_links":{"self":[{"href":"https:\/\/maylandie.fr\/en\/wp-json\/wp\/v2\/product\/963","targetHints":{"allow":["GET"]}}],"collection":[{"href":"https:\/\/maylandie.fr\/en\/wp-json\/wp\/v2\/product"}],"about":[{"href":"https:\/\/maylandie.fr\/en\/wp-json\/wp\/v2\/types\/product"}],"wp:featuredmedia":[{"embeddable":true,"href":"https:\/\/maylandie.fr\/en\/wp-json\/wp\/v2\/media\/848"}],"wp:attachment":[{"href":"https:\/\/maylandie.fr\/en\/wp-json\/wp\/v2\/media?parent=963"}],"wp:term":[{"taxonomy":"product_brand","embeddable":true,"href":"https:\/\/maylandie.fr\/en\/wp-json\/wp\/v2\/product_brand?post=963"},{"taxonomy":"product_cat","embeddable":true,"href":"https:\/\/maylandie.fr\/en\/wp-json\/wp\/v2\/product_cat?post=963"},{"taxonomy":"product_tag","embeddable":true,"href":"https:\/\/maylandie.fr\/en\/wp-json\/wp\/v2\/product_tag?post=963"}],"curies":[{"name":"wp","href":"https:\/\/api.w.org\/{rel}","templated":true}]}}