{"id":964,"date":"2024-04-12T16:19:42","date_gmt":"2024-04-12T14:19:42","guid":{"rendered":"https:\/\/maylandie.fr\/vins\/le-cabanon-blanc\/"},"modified":"2026-05-07T19:08:50","modified_gmt":"2026-05-07T17:08:50","slug":"le-cabanon-blanc","status":"publish","type":"product","link":"https:\/\/maylandie.fr\/en\/vins\/le-cabanon-blanc\/","title":{"rendered":"Le Cabanon blanc"},"content":{"rendered":"","protected":false},"excerpt":{"rendered":"<p>AOC Corbi\u00e8res 2025 &#8211; 13% vol.<\/p>\n<p>The cabanon is a stone shelter located at the edge of a vineyard in which, until the middle of the 20th century, the winegrower used to rest at midday and store his tools.<br \/>\nand feed his horse.<\/p>\n<p><em><strong>&#8220;Our white wine is light and fruity and can be enjoyed as an aperitif&#8221;.<\/strong><\/em><\/p>\n<p><strong>GRAPE VARIETIES:<\/strong> Grenache blanc, Bourboulenc, Vermentino<br \/>\n<strong>CHARACTERISTICS:<\/strong> with its brilliant golden color, it inspires maturity as much as fruitiness. Apricot dominates, at once fresh and tender, but also dry and powerful, with notes of<br \/>\nblood orange and Comice pear. The fruit is present on the palate, with a supple, melt-in-the-mouth texture and a hint of saltiness. A seductive wine, as aromatic as it is juicy, it is sure to make a name for itself.<br \/>\nas an aperitif or with a light meal. Grilled or steamed vegetables, steamed fish and a platter of soft cheeses.<br \/>\n<strong>GUARDING POTENTIAL:<\/strong> 2 years<\/p>\n<p><em>A 5% discount is applied to orders of 6 bottles of the same cuv\u00e9e.<br \/>\nFree delivery for orders over \u20ac200.<\/em><\/p>\n","protected":false},"featured_media":841,"template":"","meta":[],"product_brand":[],"product_cat":[30],"product_tag":[],"class_list":{"0":"post-964","1":"product","2":"type-product","3":"status-publish","4":"has-post-thumbnail","6":"product_cat-wines","8":"first","9":"instock","10":"shipping-taxable","11":"purchasable","12":"product-type-simple"},"yoast_head":"<!-- This site is optimized with the Yoast SEO plugin v26.9 - https:\/\/yoast.com\/product\/yoast-seo-wordpress\/ -->\n<title>Le Cabanon blanc - Ch\u00e2teau Maylandie, vignerons ind\u00e9pendants du sud de France au c\u0153ur des Corbi\u00e8res, sur le Terroir de Boutenac.<\/title>\n<meta name=\"description\" content=\"AOC Corbi\u00e8res 2025 - 13% vol.  The cabanon is a stone shelter located at the edge of a vineyard in which, until the middle of the 20th century, the winegrower used to rest at midday and store his tools. and feed his horse.  &quot;Our white wine is light and fruity and can be enjoyed as an aperitif&quot;.  GRAPE VARIETIES: Grenache blanc, Bourboulenc, Vermentino CHARACTERISTICS: with its brilliant golden color, it inspires maturity as much as fruitiness. Apricot dominates, at once fresh and tender, but also dry and powerful, with notes of blood orange and Comice pear. The fruit is present on the palate, with a supple, melt-in-the-mouth texture and a hint of saltiness. A seductive wine, as aromatic as it is juicy, it is sure to make a name for itself. as an aperitif or with a light meal. Grilled or steamed vegetables, steamed fish and a platter of soft cheeses. GUARDING POTENTIAL: 2 years  A 5% discount is applied to orders of 6 bottles of the same cuv\u00e9e. Free delivery for orders over \u20ac200.\" \/>\n<meta name=\"robots\" content=\"index, follow, max-snippet:-1, max-image-preview:large, max-video-preview:-1\" \/>\n<link rel=\"canonical\" href=\"https:\/\/maylandie.fr\/en\/vins\/le-cabanon-blanc\/\" \/>\n<meta property=\"og:locale\" content=\"en_US\" \/>\n<meta property=\"og:type\" content=\"article\" \/>\n<meta property=\"og:title\" content=\"Le Cabanon blanc - Ch\u00e2teau Maylandie, vignerons ind\u00e9pendants du sud de France au c\u0153ur des Corbi\u00e8res, sur le Terroir de Boutenac.\" \/>\n<meta property=\"og:description\" content=\"AOC Corbi\u00e8res 2025 - 13% vol.  The cabanon is a stone shelter located at the edge of a vineyard in which, until the middle of the 20th century, the winegrower used to rest at midday and store his tools. and feed his horse.  &quot;Our white wine is light and fruity and can be enjoyed as an aperitif&quot;.  GRAPE VARIETIES: Grenache blanc, Bourboulenc, Vermentino CHARACTERISTICS: with its brilliant golden color, it inspires maturity as much as fruitiness. Apricot dominates, at once fresh and tender, but also dry and powerful, with notes of blood orange and Comice pear. The fruit is present on the palate, with a supple, melt-in-the-mouth texture and a hint of saltiness. A seductive wine, as aromatic as it is juicy, it is sure to make a name for itself. as an aperitif or with a light meal. Grilled or steamed vegetables, steamed fish and a platter of soft cheeses. GUARDING POTENTIAL: 2 years  A 5% discount is applied to orders of 6 bottles of the same cuv\u00e9e. Free delivery for orders over \u20ac200.\" \/>\n<meta property=\"og:url\" content=\"https:\/\/maylandie.fr\/en\/vins\/le-cabanon-blanc\/\" \/>\n<meta property=\"og:site_name\" content=\"Ch\u00e2teau Maylandie, vignerons ind\u00e9pendants du sud de France au c\u0153ur des Corbi\u00e8res, sur le Terroir de Boutenac.\" \/>\n<meta property=\"article:publisher\" content=\"https:\/\/www.facebook.com\/chateau.maylandie\" \/>\n<meta property=\"article:modified_time\" content=\"2026-05-07T17:08:50+00:00\" \/>\n<meta property=\"og:image\" content=\"https:\/\/maylandie.fr\/wp-content\/uploads\/2024\/04\/Le-Cabanon-blanc-2017-aoc-corbieres-1.jpg\" \/>\n\t<meta property=\"og:image:width\" content=\"1200\" \/>\n\t<meta property=\"og:image:height\" content=\"1200\" \/>\n\t<meta property=\"og:image:type\" content=\"image\/jpeg\" \/>\n<meta name=\"twitter:card\" content=\"summary_large_image\" \/>\n<meta name=\"twitter:label1\" content=\"Est. reading time\" \/>\n\t<meta name=\"twitter:data1\" content=\"1 minute\" \/>\n<script type=\"application\/ld+json\" class=\"yoast-schema-graph\">{\"@context\":\"https:\/\/schema.org\",\"@graph\":[{\"@type\":\"WebPage\",\"@id\":\"https:\/\/maylandie.fr\/en\/vins\/le-cabanon-blanc\/\",\"url\":\"https:\/\/maylandie.fr\/en\/vins\/le-cabanon-blanc\/\",\"name\":\"Le Cabanon blanc - Ch\u00e2teau Maylandie, vignerons ind\u00e9pendants du sud de France au c\u0153ur des Corbi\u00e8res, sur le Terroir de Boutenac.\",\"isPartOf\":{\"@id\":\"https:\/\/maylandie.fr\/en\/#website\"},\"primaryImageOfPage\":{\"@id\":\"https:\/\/maylandie.fr\/en\/vins\/le-cabanon-blanc\/#primaryimage\"},\"image\":{\"@id\":\"https:\/\/maylandie.fr\/en\/vins\/le-cabanon-blanc\/#primaryimage\"},\"thumbnailUrl\":\"https:\/\/maylandie.fr\/wp-content\/uploads\/2024\/04\/Le-Cabanon-blanc-2017-aoc-corbieres-1.jpg\",\"datePublished\":\"2024-04-12T14:19:42+00:00\",\"dateModified\":\"2026-05-07T17:08:50+00:00\",\"description\":\"AOC Corbi\u00e8res 2025 - 13% vol. The cabanon is a stone shelter located at the edge of a vineyard in which, until the middle of the 20th century, the winegrower used to rest at midday and store his tools. and feed his horse. \\\"Our white wine is light and fruity and can be enjoyed as an aperitif\\\". GRAPE VARIETIES: Grenache blanc, Bourboulenc, Vermentino CHARACTERISTICS: with its brilliant golden color, it inspires maturity as much as fruitiness. Apricot dominates, at once fresh and tender, but also dry and powerful, with notes of blood orange and Comice pear. The fruit is present on the palate, with a supple, melt-in-the-mouth texture and a hint of saltiness. A seductive wine, as aromatic as it is juicy, it is sure to make a name for itself. as an aperitif or with a light meal. Grilled or steamed vegetables, steamed fish and a platter of soft cheeses. GUARDING POTENTIAL: 2 years A 5% discount is applied to orders of 6 bottles of the same cuv\u00e9e. Free delivery for orders over \u20ac200.\",\"breadcrumb\":{\"@id\":\"https:\/\/maylandie.fr\/en\/vins\/le-cabanon-blanc\/#breadcrumb\"},\"inLanguage\":\"en-US\",\"potentialAction\":[{\"@type\":\"ReadAction\",\"target\":[\"https:\/\/maylandie.fr\/en\/vins\/le-cabanon-blanc\/\"]}]},{\"@type\":\"ImageObject\",\"inLanguage\":\"en-US\",\"@id\":\"https:\/\/maylandie.fr\/en\/vins\/le-cabanon-blanc\/#primaryimage\",\"url\":\"https:\/\/maylandie.fr\/wp-content\/uploads\/2024\/04\/Le-Cabanon-blanc-2017-aoc-corbieres-1.jpg\",\"contentUrl\":\"https:\/\/maylandie.fr\/wp-content\/uploads\/2024\/04\/Le-Cabanon-blanc-2017-aoc-corbieres-1.jpg\",\"width\":1200,\"height\":1200},{\"@type\":\"BreadcrumbList\",\"@id\":\"https:\/\/maylandie.fr\/en\/vins\/le-cabanon-blanc\/#breadcrumb\",\"itemListElement\":[{\"@type\":\"ListItem\",\"position\":1,\"name\":\"Accueil\",\"item\":\"https:\/\/maylandie.fr\/en\/\"},{\"@type\":\"ListItem\",\"position\":2,\"name\":\"Store\",\"item\":\"https:\/\/maylandie.fr\/store\/\"},{\"@type\":\"ListItem\",\"position\":3,\"name\":\"Le Cabanon blanc\"}]},{\"@type\":\"WebSite\",\"@id\":\"https:\/\/maylandie.fr\/en\/#website\",\"url\":\"https:\/\/maylandie.fr\/en\/\",\"name\":\"Ch\u00e2teau Maylandie, vignerons ind\u00e9pendants du sud de France au c\u0153ur des Corbi\u00e8res, sur le Terroir de Boutenac.\",\"description\":\"\",\"publisher\":{\"@id\":\"https:\/\/maylandie.fr\/en\/#organization\"},\"potentialAction\":[{\"@type\":\"SearchAction\",\"target\":{\"@type\":\"EntryPoint\",\"urlTemplate\":\"https:\/\/maylandie.fr\/en\/?s={search_term_string}\"},\"query-input\":{\"@type\":\"PropertyValueSpecification\",\"valueRequired\":true,\"valueName\":\"search_term_string\"}}],\"inLanguage\":\"en-US\"},{\"@type\":\"Organization\",\"@id\":\"https:\/\/maylandie.fr\/en\/#organization\",\"name\":\"Ch\u00e2teau Maylandie, vignerons ind\u00e9pendants du sud de France au c\u0153ur des Corbi\u00e8res, sur le Terroir de Boutenac.\",\"url\":\"https:\/\/maylandie.fr\/en\/\",\"logo\":{\"@type\":\"ImageObject\",\"inLanguage\":\"en-US\",\"@id\":\"https:\/\/maylandie.fr\/en\/#\/schema\/logo\/image\/\",\"url\":\"https:\/\/maylandie.fr\/wp-content\/uploads\/2024\/04\/logo-modifie.png\",\"contentUrl\":\"https:\/\/maylandie.fr\/wp-content\/uploads\/2024\/04\/logo-modifie.png\",\"width\":600,\"height\":379,\"caption\":\"Ch\u00e2teau Maylandie, vignerons ind\u00e9pendants du sud de France au c\u0153ur des Corbi\u00e8res, sur le Terroir de Boutenac.\"},\"image\":{\"@id\":\"https:\/\/maylandie.fr\/en\/#\/schema\/logo\/image\/\"},\"sameAs\":[\"https:\/\/www.facebook.com\/chateau.maylandie\",\"https:\/\/www.instagram.com\/maylandie\/\"]}]}<\/script>\n<!-- \/ Yoast SEO plugin. -->","yoast_head_json":{"title":"Le Cabanon blanc - Ch\u00e2teau Maylandie, vignerons ind\u00e9pendants du sud de France au c\u0153ur des Corbi\u00e8res, sur le Terroir de Boutenac.","description":"AOC Corbi\u00e8res 2025 - 13% vol.  The cabanon is a stone shelter located at the edge of a vineyard in which, until the middle of the 20th century, the winegrower used to rest at midday and store his tools. and feed his horse.  \"Our white wine is light and fruity and can be enjoyed as an aperitif\".  GRAPE VARIETIES: Grenache blanc, Bourboulenc, Vermentino CHARACTERISTICS: with its brilliant golden color, it inspires maturity as much as fruitiness. Apricot dominates, at once fresh and tender, but also dry and powerful, with notes of blood orange and Comice pear. The fruit is present on the palate, with a supple, melt-in-the-mouth texture and a hint of saltiness. A seductive wine, as aromatic as it is juicy, it is sure to make a name for itself. as an aperitif or with a light meal. Grilled or steamed vegetables, steamed fish and a platter of soft cheeses. GUARDING POTENTIAL: 2 years  A 5% discount is applied to orders of 6 bottles of the same cuv\u00e9e. Free delivery for orders over \u20ac200.","robots":{"index":"index","follow":"follow","max-snippet":"max-snippet:-1","max-image-preview":"max-image-preview:large","max-video-preview":"max-video-preview:-1"},"canonical":"https:\/\/maylandie.fr\/en\/vins\/le-cabanon-blanc\/","og_locale":"en_US","og_type":"article","og_title":"Le Cabanon blanc - Ch\u00e2teau Maylandie, vignerons ind\u00e9pendants du sud de France au c\u0153ur des Corbi\u00e8res, sur le Terroir de Boutenac.","og_description":"AOC Corbi\u00e8res 2025 - 13% vol.  The cabanon is a stone shelter located at the edge of a vineyard in which, until the middle of the 20th century, the winegrower used to rest at midday and store his tools. and feed his horse.  \"Our white wine is light and fruity and can be enjoyed as an aperitif\".  GRAPE VARIETIES: Grenache blanc, Bourboulenc, Vermentino CHARACTERISTICS: with its brilliant golden color, it inspires maturity as much as fruitiness. Apricot dominates, at once fresh and tender, but also dry and powerful, with notes of blood orange and Comice pear. The fruit is present on the palate, with a supple, melt-in-the-mouth texture and a hint of saltiness. A seductive wine, as aromatic as it is juicy, it is sure to make a name for itself. as an aperitif or with a light meal. Grilled or steamed vegetables, steamed fish and a platter of soft cheeses. GUARDING POTENTIAL: 2 years  A 5% discount is applied to orders of 6 bottles of the same cuv\u00e9e. Free delivery for orders over \u20ac200.","og_url":"https:\/\/maylandie.fr\/en\/vins\/le-cabanon-blanc\/","og_site_name":"Ch\u00e2teau Maylandie, vignerons ind\u00e9pendants du sud de France au c\u0153ur des Corbi\u00e8res, sur le Terroir de Boutenac.","article_publisher":"https:\/\/www.facebook.com\/chateau.maylandie","article_modified_time":"2026-05-07T17:08:50+00:00","og_image":[{"width":1200,"height":1200,"url":"https:\/\/maylandie.fr\/wp-content\/uploads\/2024\/04\/Le-Cabanon-blanc-2017-aoc-corbieres-1.jpg","type":"image\/jpeg"}],"twitter_card":"summary_large_image","twitter_misc":{"Est. reading time":"1 minute"},"schema":{"@context":"https:\/\/schema.org","@graph":[{"@type":"WebPage","@id":"https:\/\/maylandie.fr\/en\/vins\/le-cabanon-blanc\/","url":"https:\/\/maylandie.fr\/en\/vins\/le-cabanon-blanc\/","name":"Le Cabanon blanc - Ch\u00e2teau Maylandie, vignerons ind\u00e9pendants du sud de France au c\u0153ur des Corbi\u00e8res, sur le Terroir de Boutenac.","isPartOf":{"@id":"https:\/\/maylandie.fr\/en\/#website"},"primaryImageOfPage":{"@id":"https:\/\/maylandie.fr\/en\/vins\/le-cabanon-blanc\/#primaryimage"},"image":{"@id":"https:\/\/maylandie.fr\/en\/vins\/le-cabanon-blanc\/#primaryimage"},"thumbnailUrl":"https:\/\/maylandie.fr\/wp-content\/uploads\/2024\/04\/Le-Cabanon-blanc-2017-aoc-corbieres-1.jpg","datePublished":"2024-04-12T14:19:42+00:00","dateModified":"2026-05-07T17:08:50+00:00","description":"AOC Corbi\u00e8res 2025 - 13% vol. The cabanon is a stone shelter located at the edge of a vineyard in which, until the middle of the 20th century, the winegrower used to rest at midday and store his tools. and feed his horse. \"Our white wine is light and fruity and can be enjoyed as an aperitif\". GRAPE VARIETIES: Grenache blanc, Bourboulenc, Vermentino CHARACTERISTICS: with its brilliant golden color, it inspires maturity as much as fruitiness. Apricot dominates, at once fresh and tender, but also dry and powerful, with notes of blood orange and Comice pear. The fruit is present on the palate, with a supple, melt-in-the-mouth texture and a hint of saltiness. A seductive wine, as aromatic as it is juicy, it is sure to make a name for itself. as an aperitif or with a light meal. Grilled or steamed vegetables, steamed fish and a platter of soft cheeses. GUARDING POTENTIAL: 2 years A 5% discount is applied to orders of 6 bottles of the same cuv\u00e9e. Free delivery for orders over \u20ac200.","breadcrumb":{"@id":"https:\/\/maylandie.fr\/en\/vins\/le-cabanon-blanc\/#breadcrumb"},"inLanguage":"en-US","potentialAction":[{"@type":"ReadAction","target":["https:\/\/maylandie.fr\/en\/vins\/le-cabanon-blanc\/"]}]},{"@type":"ImageObject","inLanguage":"en-US","@id":"https:\/\/maylandie.fr\/en\/vins\/le-cabanon-blanc\/#primaryimage","url":"https:\/\/maylandie.fr\/wp-content\/uploads\/2024\/04\/Le-Cabanon-blanc-2017-aoc-corbieres-1.jpg","contentUrl":"https:\/\/maylandie.fr\/wp-content\/uploads\/2024\/04\/Le-Cabanon-blanc-2017-aoc-corbieres-1.jpg","width":1200,"height":1200},{"@type":"BreadcrumbList","@id":"https:\/\/maylandie.fr\/en\/vins\/le-cabanon-blanc\/#breadcrumb","itemListElement":[{"@type":"ListItem","position":1,"name":"Accueil","item":"https:\/\/maylandie.fr\/en\/"},{"@type":"ListItem","position":2,"name":"Store","item":"https:\/\/maylandie.fr\/store\/"},{"@type":"ListItem","position":3,"name":"Le Cabanon blanc"}]},{"@type":"WebSite","@id":"https:\/\/maylandie.fr\/en\/#website","url":"https:\/\/maylandie.fr\/en\/","name":"Ch\u00e2teau Maylandie, vignerons ind\u00e9pendants du sud de France au c\u0153ur des Corbi\u00e8res, sur le Terroir de Boutenac.","description":"","publisher":{"@id":"https:\/\/maylandie.fr\/en\/#organization"},"potentialAction":[{"@type":"SearchAction","target":{"@type":"EntryPoint","urlTemplate":"https:\/\/maylandie.fr\/en\/?s={search_term_string}"},"query-input":{"@type":"PropertyValueSpecification","valueRequired":true,"valueName":"search_term_string"}}],"inLanguage":"en-US"},{"@type":"Organization","@id":"https:\/\/maylandie.fr\/en\/#organization","name":"Ch\u00e2teau Maylandie, vignerons ind\u00e9pendants du sud de France au c\u0153ur des Corbi\u00e8res, sur le Terroir de Boutenac.","url":"https:\/\/maylandie.fr\/en\/","logo":{"@type":"ImageObject","inLanguage":"en-US","@id":"https:\/\/maylandie.fr\/en\/#\/schema\/logo\/image\/","url":"https:\/\/maylandie.fr\/wp-content\/uploads\/2024\/04\/logo-modifie.png","contentUrl":"https:\/\/maylandie.fr\/wp-content\/uploads\/2024\/04\/logo-modifie.png","width":600,"height":379,"caption":"Ch\u00e2teau Maylandie, vignerons ind\u00e9pendants du sud de France au c\u0153ur des Corbi\u00e8res, sur le Terroir de Boutenac."},"image":{"@id":"https:\/\/maylandie.fr\/en\/#\/schema\/logo\/image\/"},"sameAs":["https:\/\/www.facebook.com\/chateau.maylandie","https:\/\/www.instagram.com\/maylandie\/"]}]}},"_links":{"self":[{"href":"https:\/\/maylandie.fr\/en\/wp-json\/wp\/v2\/product\/964","targetHints":{"allow":["GET"]}}],"collection":[{"href":"https:\/\/maylandie.fr\/en\/wp-json\/wp\/v2\/product"}],"about":[{"href":"https:\/\/maylandie.fr\/en\/wp-json\/wp\/v2\/types\/product"}],"wp:featuredmedia":[{"embeddable":true,"href":"https:\/\/maylandie.fr\/en\/wp-json\/wp\/v2\/media\/841"}],"wp:attachment":[{"href":"https:\/\/maylandie.fr\/en\/wp-json\/wp\/v2\/media?parent=964"}],"wp:term":[{"taxonomy":"product_brand","embeddable":true,"href":"https:\/\/maylandie.fr\/en\/wp-json\/wp\/v2\/product_brand?post=964"},{"taxonomy":"product_cat","embeddable":true,"href":"https:\/\/maylandie.fr\/en\/wp-json\/wp\/v2\/product_cat?post=964"},{"taxonomy":"product_tag","embeddable":true,"href":"https:\/\/maylandie.fr\/en\/wp-json\/wp\/v2\/product_tag?post=964"}],"curies":[{"name":"wp","href":"https:\/\/api.w.org\/{rel}","templated":true}]}}